{"id":32783,"date":"2023-07-14T23:14:07","date_gmt":"2023-07-14T23:14:07","guid":{"rendered":"https:\/\/werentmarbella.com\/vuelos-baratos-a-malaga\/"},"modified":"2024-10-02T14:18:49","modified_gmt":"2024-10-02T14:18:49","slug":"vuelos-baratos-a-malaga","status":"publish","type":"page","link":"https:\/\/werentmarbella.com\/es\/vuelos-baratos-a-malaga\/","title":{"rendered":"Vuelos baratos a M\u00e1laga"},"content":{"rendered":"\t\t<div data-elementor-type=\"wp-page\" data-elementor-id=\"32783\" class=\"elementor elementor-32783\" data-elementor-post-type=\"page\">\n\t\t\t\t<div class=\"elementor-element elementor-element-bd4df5a e-flex e-con-boxed e-con e-parent\" data-id=\"bd4df5a\" data-element_type=\"container\" data-e-type=\"container\" data-settings=\"{&quot;background_background&quot;:&quot;classic&quot;}\">\n\t\t\t\t\t<div class=\"e-con-inner\">\n\t\t\t\t<div class=\"elementor-element elementor-element-70d8573 elementor-widget elementor-widget-heading\" data-id=\"70d8573\" data-element_type=\"widget\" data-e-type=\"widget\" data-widget_type=\"heading.default\">\n\t\t\t\t\t<h1 class=\"elementor-heading-title elementor-size-default\">Vuelos baratos a M\u00e1laga<\/h1>\t\t\t\t<\/div>\n\t\t\t\t<div class=\"elementor-element elementor-element-e0659c6 elementor-widget__width-inherit elementor-widget elementor-widget-text-editor\" data-id=\"e0659c6\" data-element_type=\"widget\" data-e-type=\"widget\" data-widget_type=\"text-editor.default\">\n\t\t\t\t\t\t\t\t\t<p>Consigue las mejores ofertas en vuelos baratos a M\u00e1laga. Reserva ahora y ahorra a lo grande en tu pr\u00f3ximo viaje. Disponibilidad limitada, no esperes, \u00a1reserva hoy!  <\/p>\n\t\t\t\t\t\t\t\t<\/div>\n\t\t\t\t<div class=\"elementor-element elementor-element-0e1d40a elementor-widget elementor-widget-html\" data-id=\"0e1d40a\" data-element_type=\"widget\" data-e-type=\"widget\" data-widget_type=\"html.default\">\n\t\t\t\t\t<a href=\"https:\/\/www.booking.com\/flights\/index.html?aid=8069933\" target=\"_blank\" rel=\"noopener\">\n <img decoding=\"async\" alt=\"Booking.com Search Flights Image\" src=\"https:\/\/wasabi.bstatic.com\/banners\/flights\/en\/inspirational\/wide_rectangle_v5.png\" title=\"\">\n<\/a>\t\t\t\t<\/div>\n\t\t\t\t\t<\/div>\n\t\t\t\t<\/div>\n\t\t<div class=\"elementor-element elementor-element-928eaf2 e-flex e-con-boxed e-con e-parent\" data-id=\"928eaf2\" data-element_type=\"container\" data-e-type=\"container\">\n\t\t\t\t\t<div class=\"e-con-inner\">\n\t\t<div class=\"elementor-element elementor-element-e2cff48 e-flex e-con-boxed e-con e-child\" data-id=\"e2cff48\" data-element_type=\"container\" data-e-type=\"container\">\n\t\t\t\t\t<div class=\"e-con-inner\">\n\t\t\t\t<div class=\"elementor-element elementor-element-31de5a4 elementor-widget__width-inherit elementor-widget elementor-widget-heading\" data-id=\"31de5a4\" data-element_type=\"widget\" data-e-type=\"widget\" data-widget_type=\"heading.default\">\n\t\t\t\t\t<h2 class=\"elementor-heading-title elementor-size-default\">Vuelos baratos a M\u00e1laga<\/h2>\t\t\t\t<\/div>\n\t\t\t\t<div class=\"elementor-element elementor-element-24be61c elementor-widget elementor-widget-text-editor\" data-id=\"24be61c\" data-element_type=\"widget\" data-e-type=\"widget\" data-widget_type=\"text-editor.default\">\n\t\t\t\t\t\t\t\t\t<p>Aqu\u00ed podr\u00e1 encontrar una amplia selecci\u00f3n de vuelos baratos a M\u00e1laga. Sabemos que encontrar billetes de avi\u00f3n asequibles es una prioridad para los viajeros y estamos aqu\u00ed para ayudarle a conseguir las mejores ofertas y precios para su viaje. <\/p>\n\t\t\t\t\t\t\t\t<\/div>\n\t\t\t\t<div class=\"elementor-element elementor-element-87762cb elementor-widget elementor-widget-image\" data-id=\"87762cb\" data-element_type=\"widget\" data-e-type=\"widget\" data-widget_type=\"image.default\">\n\t\t\t\t\t\t\t\t\t\t\t\t\t\t\t<img fetchpriority=\"high\" decoding=\"async\" width=\"1200\" height=\"343\" src=\"https:\/\/werentmarbella.com\/wp-content\/uploads\/2023\/07\/cheap-flights-to-malaga-spain-3.jpg\" class=\"attachment-full size-full wp-image-28483\" alt=\"\" srcset=\"https:\/\/werentmarbella.com\/wp-content\/uploads\/2023\/07\/cheap-flights-to-malaga-spain-3.jpg 1200w, https:\/\/werentmarbella.com\/wp-content\/uploads\/2023\/07\/cheap-flights-to-malaga-spain-3-300x86.jpg 300w, https:\/\/werentmarbella.com\/wp-content\/uploads\/2023\/07\/cheap-flights-to-malaga-spain-3-1024x293.jpg 1024w, https:\/\/werentmarbella.com\/wp-content\/uploads\/2023\/07\/cheap-flights-to-malaga-spain-3-768x220.jpg 768w\" sizes=\"(max-width: 1200px) 100vw, 1200px\" title=\"\">\t\t\t\t\t\t\t\t\t\t\t\t\t\t\t<\/div>\n\t\t\t\t<div class=\"elementor-element elementor-element-a002b4e elementor-widget elementor-widget-text-editor\" data-id=\"a002b4e\" data-element_type=\"widget\" data-e-type=\"widget\" data-widget_type=\"text-editor.default\">\n\t\t\t\t\t\t\t\t\t<p>M\u00e1laga, situada en la impresionante Costa del Sol, en el sur de Espa\u00f1a, es una ciudad vibrante conocida por sus hermosas playas, su rica historia y su vibrante cultura. Ya sea que est\u00e9 planeando unas relajantes vacaciones en la playa, explorando monumentos hist\u00f3ricos o disfrutando de la deliciosa cocina espa\u00f1ola, M\u00e1laga ofrece algo para todos. <\/p>\n<p>Cuando se trata de reservar vuelos, creemos que la asequibilidad nunca debe significar comprometer la calidad. Es por eso que trabajamos incansablemente para brindarle una amplia gama de opciones de vuelos econ\u00f3micos a M\u00e1laga (AGP). Nuestra tecnolog\u00eda de b\u00fasqueda avanzada rastrea numerosas aerol\u00edneas y agencias de viajes para encontrar las tarifas m\u00e1s bajas, lo que le permite ahorrar dinero y aprovechar al m\u00e1ximo su presupuesto de viaje.  <\/p>\n<p>Reservar tus vuelos m\u00e1s baratos a M\u00e1laga a trav\u00e9s de nuestra plataforma es r\u00e1pido y sencillo. Solo tienes que introducir las fechas de viaje y el destino y nuestra intuitiva interfaz te mostrar\u00e1 una lista de vuelos disponibles junto con sus precios. Puedes refinar a\u00fan m\u00e1s tu b\u00fasqueda filtrando los resultados en funci\u00f3n de tus preferencias, como la duraci\u00f3n del vuelo o aerol\u00edneas espec\u00edficas.  <\/p>\n<p>Actualizamos constantemente nuestras ofertas para garantizarte el acceso a las \u00faltimas promociones, permiti\u00e9ndote ahorrar a\u00fan m\u00e1s en tus vuelos a M\u00e1laga<span style=\"color: var( --e-global-color-text ); background-color: var( --e-global-color-primary ); letter-spacing: 0px;\"> <\/span><span style=\"color: var( --e-global-color-text ); background-color: var( --e-global-color-primary ); letter-spacing: 0px;\">(AGP)<\/span><span style=\"color: var( --e-global-color-text ); background-color: var( --e-global-color-primary ); letter-spacing: 0px;\">.<\/span><\/p>\n<p>\u00bfPor qu\u00e9 esperar? <a href=\"https:\/\/werentmarbella.com\/es\/\">Empieza a planificar hoy mismo tus vacaciones so\u00f1adas<\/a> en M\u00e1laga y reserva tus vuelos baratos con nosotros. Te esperan experiencias inolvidables y descuentos incre\u00edbles. No dejes pasar esta fant\u00e1stica oportunidad de explorar todo lo que M\u00e1laga tiene para ofrecer sin gastar una fortuna.   <\/p>\n\t\t\t\t\t\t\t\t<\/div>\n\t\t\t\t<div class=\"elementor-element elementor-element-92f1ee1 elementor-widget elementor-widget-button\" data-id=\"92f1ee1\" data-element_type=\"widget\" data-e-type=\"widget\" data-widget_type=\"button.default\">\n\t\t\t\t\t\t\t\t\t\t<a class=\"elementor-button elementor-button-link elementor-size-sm\" href=\"https:\/\/www.booking.com\/flights\/index.html?aid=8069933\" target=\"_blank\" title=\"Compare Flights\" rel=\"noopener\">\n\t\t\t\t\t\t<span class=\"elementor-button-content-wrapper\">\n\t\t\t\t\t\t\t\t\t<span class=\"elementor-button-text\">COMPARAR VUELOS<\/span>\n\t\t\t\t\t<\/span>\n\t\t\t\t\t<\/a>\n\t\t\t\t\t\t\t\t<\/div>\n\t\t\t\t<div class=\"elementor-element elementor-element-8585407 elementor-widget elementor-widget-html\" data-id=\"8585407\" data-element_type=\"widget\" data-e-type=\"widget\" data-widget_type=\"html.default\">\n\t\t\t\t\t<a href=\"https:\/\/www.booking.com\/flights\/index.html?aid=8069933\" target=\"_blank\" rel=\"noopener\">\n <img decoding=\"async\" alt=\"Booking.com Search Flights Image\" src=\"https:\/\/wasabi.bstatic.com\/banners\/flights\/en\/inspirational\/wide_rectangle_v3.png\" title=\"\">\n<\/a>\t\t\t\t<\/div>\n\t\t\t\t\t<\/div>\n\t\t\t\t<\/div>\n\t\t\t\t\t<\/div>\n\t\t\t\t<\/div>\n\t\t<div class=\"elementor-element elementor-element-2567fc8 e-flex e-con-boxed e-con e-parent\" data-id=\"2567fc8\" data-element_type=\"container\" data-e-type=\"container\">\n\t\t\t\t\t<div class=\"e-con-inner\">\n\t\t\t\t<div class=\"elementor-element elementor-element-5b85efc elementor-widget elementor-widget-jet-listing-grid\" data-id=\"5b85efc\" data-element_type=\"widget\" data-e-type=\"widget\" data-settings=\"{&quot;columns&quot;:&quot;4&quot;}\" data-widget_type=\"jet-listing-grid.default\">\n\t\t\t\t\t<div class=\"jet-listing-grid jet-listing\"><div class=\"jet-listing-grid__items grid-col-desk-4 grid-col-tablet-4 grid-col-mobile-4 jet-listing-grid--23240\" data-queried-id=\"32783|WP_Post\" data-nav=\"{&quot;enabled&quot;:false,&quot;type&quot;:null,&quot;more_el&quot;:null,&quot;query&quot;:[],&quot;widget_settings&quot;:{&quot;lisitng_id&quot;:23240,&quot;posts_num&quot;:4,&quot;columns&quot;:4,&quot;columns_tablet&quot;:4,&quot;columns_mobile&quot;:4,&quot;column_min_width&quot;:240,&quot;column_min_width_tablet&quot;:240,&quot;column_min_width_mobile&quot;:240,&quot;inline_columns_css&quot;:false,&quot;is_archive_template&quot;:&quot;&quot;,&quot;post_status&quot;:[&quot;publish&quot;],&quot;use_random_posts_num&quot;:&quot;&quot;,&quot;max_posts_num&quot;:9,&quot;not_found_message&quot;:&quot;No se encontraron datos&quot;,&quot;is_masonry&quot;:false,&quot;equal_columns_height&quot;:&quot;&quot;,&quot;use_load_more&quot;:&quot;&quot;,&quot;load_more_id&quot;:&quot;&quot;,&quot;load_more_type&quot;:&quot;click&quot;,&quot;load_more_offset&quot;:{&quot;unit&quot;:&quot;px&quot;,&quot;size&quot;:0,&quot;sizes&quot;:[]},&quot;use_custom_post_types&quot;:&quot;&quot;,&quot;custom_post_types&quot;:[],&quot;hide_widget_if&quot;:&quot;&quot;,&quot;carousel_enabled&quot;:&quot;&quot;,&quot;slides_to_scroll&quot;:&quot;1&quot;,&quot;arrows&quot;:&quot;true&quot;,&quot;arrow_icon&quot;:&quot;fa fa-angle-left&quot;,&quot;dots&quot;:&quot;&quot;,&quot;autoplay&quot;:&quot;true&quot;,&quot;pause_on_hover&quot;:&quot;true&quot;,&quot;autoplay_speed&quot;:5000,&quot;infinite&quot;:&quot;true&quot;,&quot;center_mode&quot;:&quot;&quot;,&quot;effect&quot;:&quot;slide&quot;,&quot;speed&quot;:500,&quot;inject_alternative_items&quot;:&quot;&quot;,&quot;injection_items&quot;:[],&quot;scroll_slider_enabled&quot;:&quot;&quot;,&quot;scroll_slider_on&quot;:[&quot;desktop&quot;,&quot;tablet&quot;,&quot;mobile&quot;],&quot;custom_query&quot;:false,&quot;custom_query_id&quot;:&quot;&quot;,&quot;_element_id&quot;:&quot;&quot;,&quot;collapse_first_last_gap&quot;:false,&quot;list_tag_selection&quot;:&quot;&quot;,&quot;list_items_wrapper_tag&quot;:&quot;div&quot;,&quot;list_item_tag&quot;:&quot;div&quot;,&quot;empty_items_wrapper_tag&quot;:&quot;div&quot;}}\" data-page=\"1\" data-pages=\"1\" data-listing-source=\"terms\" data-listing-id=\"23240\" data-query-id=\"\"><div class=\"jet-listing-grid__item jet-listing-dynamic-post-396\" data-post-id=\"396\"  ><div class=\"jet-engine-listing-overlay-wrap\" data-url=\"https:\/\/werentmarbella.com\/es\/tipo-de-propiedad\/apartamento\/\">\t\t<div data-elementor-type=\"jet-listing-items\" data-elementor-id=\"30642\" class=\"elementor elementor-30642 elementor-23240 elementor-23240\" data-elementor-post-type=\"jet-engine\">\n\t\t\t\t<div class=\"elementor-element elementor-element-e24ed90 e-con-full e-transform e-flex e-con e-parent\" data-id=\"e24ed90\" data-element_type=\"container\" data-e-type=\"container\" data-settings=\"{&quot;background_background&quot;:&quot;classic&quot;,&quot;_transform_translateY_effect_hover&quot;:{&quot;unit&quot;:&quot;px&quot;,&quot;size&quot;:-10,&quot;sizes&quot;:[]},&quot;_transform_translateX_effect_hover&quot;:{&quot;unit&quot;:&quot;px&quot;,&quot;size&quot;:&quot;&quot;,&quot;sizes&quot;:[]},&quot;_transform_translateX_effect_hover_tablet&quot;:{&quot;unit&quot;:&quot;px&quot;,&quot;size&quot;:&quot;&quot;,&quot;sizes&quot;:[]},&quot;_transform_translateX_effect_hover_mobile&quot;:{&quot;unit&quot;:&quot;px&quot;,&quot;size&quot;:&quot;&quot;,&quot;sizes&quot;:[]},&quot;_transform_translateY_effect_hover_tablet&quot;:{&quot;unit&quot;:&quot;px&quot;,&quot;size&quot;:&quot;&quot;,&quot;sizes&quot;:[]},&quot;_transform_translateY_effect_hover_mobile&quot;:{&quot;unit&quot;:&quot;px&quot;,&quot;size&quot;:&quot;&quot;,&quot;sizes&quot;:[]}}\">\n\t\t\t\t<div class=\"elementor-element elementor-element-b904432 elementor-widget__width-inherit elementor-widget elementor-widget-jet-listing-dynamic-link\" data-id=\"b904432\" data-element_type=\"widget\" data-e-type=\"widget\" data-widget_type=\"jet-listing-dynamic-link.default\">\n\t\t\t\t\t<a href=\"https:\/\/werentmarbella.com\/es\/tipo-de-propiedad\/apartamento\/\" class=\"jet-listing-dynamic-link__link\" aria-label=\"Mira Apartamento\">Apartamento<\/a>\t\t\t\t<\/div>\n\t\t\t\t<\/div>\n\t\t\t\t<\/div>\n\t\t<a href=\"https:\/\/werentmarbella.com\/es\/tipo-de-propiedad\/apartamento\/\" class=\"jet-engine-listing-overlay-link\"><\/a><\/div><\/div><div class=\"jet-listing-grid__item jet-listing-dynamic-post-399\" data-post-id=\"399\"  ><div class=\"jet-engine-listing-overlay-wrap\" data-url=\"https:\/\/werentmarbella.com\/es\/tipo-de-propiedad\/casa\/\">\t\t<div data-elementor-type=\"jet-listing-items\" data-elementor-id=\"30642\" class=\"elementor elementor-30642 elementor-23240 elementor-23240\" data-elementor-post-type=\"jet-engine\">\n\t\t\t\t<div class=\"elementor-element elementor-element-e24ed90 e-con-full e-transform e-flex e-con e-parent\" data-id=\"e24ed90\" data-element_type=\"container\" data-e-type=\"container\" data-settings=\"{&quot;background_background&quot;:&quot;classic&quot;,&quot;_transform_translateY_effect_hover&quot;:{&quot;unit&quot;:&quot;px&quot;,&quot;size&quot;:-10,&quot;sizes&quot;:[]},&quot;_transform_translateX_effect_hover&quot;:{&quot;unit&quot;:&quot;px&quot;,&quot;size&quot;:&quot;&quot;,&quot;sizes&quot;:[]},&quot;_transform_translateX_effect_hover_tablet&quot;:{&quot;unit&quot;:&quot;px&quot;,&quot;size&quot;:&quot;&quot;,&quot;sizes&quot;:[]},&quot;_transform_translateX_effect_hover_mobile&quot;:{&quot;unit&quot;:&quot;px&quot;,&quot;size&quot;:&quot;&quot;,&quot;sizes&quot;:[]},&quot;_transform_translateY_effect_hover_tablet&quot;:{&quot;unit&quot;:&quot;px&quot;,&quot;size&quot;:&quot;&quot;,&quot;sizes&quot;:[]},&quot;_transform_translateY_effect_hover_mobile&quot;:{&quot;unit&quot;:&quot;px&quot;,&quot;size&quot;:&quot;&quot;,&quot;sizes&quot;:[]}}\">\n\t\t\t\t<div class=\"elementor-element elementor-element-b904432 elementor-widget__width-inherit elementor-widget elementor-widget-jet-listing-dynamic-link\" data-id=\"b904432\" data-element_type=\"widget\" data-e-type=\"widget\" data-widget_type=\"jet-listing-dynamic-link.default\">\n\t\t\t\t\t<a href=\"https:\/\/werentmarbella.com\/es\/tipo-de-propiedad\/casa\/\" class=\"jet-listing-dynamic-link__link\" aria-label=\"Mira Casa\">Casa<\/a>\t\t\t\t<\/div>\n\t\t\t\t<\/div>\n\t\t\t\t<\/div>\n\t\t<a href=\"https:\/\/werentmarbella.com\/es\/tipo-de-propiedad\/casa\/\" class=\"jet-engine-listing-overlay-link\"><\/a><\/div><\/div><div class=\"jet-listing-grid__item jet-listing-dynamic-post-397\" data-post-id=\"397\"  ><div class=\"jet-engine-listing-overlay-wrap\" data-url=\"https:\/\/werentmarbella.com\/es\/tipo-de-propiedad\/casa-de-vacaciones\/\">\t\t<div data-elementor-type=\"jet-listing-items\" data-elementor-id=\"30642\" class=\"elementor elementor-30642 elementor-23240 elementor-23240\" data-elementor-post-type=\"jet-engine\">\n\t\t\t\t<div class=\"elementor-element elementor-element-e24ed90 e-con-full e-transform e-flex e-con e-parent\" data-id=\"e24ed90\" data-element_type=\"container\" data-e-type=\"container\" data-settings=\"{&quot;background_background&quot;:&quot;classic&quot;,&quot;_transform_translateY_effect_hover&quot;:{&quot;unit&quot;:&quot;px&quot;,&quot;size&quot;:-10,&quot;sizes&quot;:[]},&quot;_transform_translateX_effect_hover&quot;:{&quot;unit&quot;:&quot;px&quot;,&quot;size&quot;:&quot;&quot;,&quot;sizes&quot;:[]},&quot;_transform_translateX_effect_hover_tablet&quot;:{&quot;unit&quot;:&quot;px&quot;,&quot;size&quot;:&quot;&quot;,&quot;sizes&quot;:[]},&quot;_transform_translateX_effect_hover_mobile&quot;:{&quot;unit&quot;:&quot;px&quot;,&quot;size&quot;:&quot;&quot;,&quot;sizes&quot;:[]},&quot;_transform_translateY_effect_hover_tablet&quot;:{&quot;unit&quot;:&quot;px&quot;,&quot;size&quot;:&quot;&quot;,&quot;sizes&quot;:[]},&quot;_transform_translateY_effect_hover_mobile&quot;:{&quot;unit&quot;:&quot;px&quot;,&quot;size&quot;:&quot;&quot;,&quot;sizes&quot;:[]}}\">\n\t\t\t\t<div class=\"elementor-element elementor-element-b904432 elementor-widget__width-inherit elementor-widget elementor-widget-jet-listing-dynamic-link\" data-id=\"b904432\" data-element_type=\"widget\" data-e-type=\"widget\" data-widget_type=\"jet-listing-dynamic-link.default\">\n\t\t\t\t\t<a href=\"https:\/\/werentmarbella.com\/es\/tipo-de-propiedad\/casa-de-vacaciones\/\" class=\"jet-listing-dynamic-link__link\" aria-label=\"Mira Casa de vacaciones\">Casa de vacaciones<\/a>\t\t\t\t<\/div>\n\t\t\t\t<\/div>\n\t\t\t\t<\/div>\n\t\t<a href=\"https:\/\/werentmarbella.com\/es\/tipo-de-propiedad\/casa-de-vacaciones\/\" class=\"jet-engine-listing-overlay-link\"><\/a><\/div><\/div><div class=\"jet-listing-grid__item jet-listing-dynamic-post-398\" data-post-id=\"398\"  ><div class=\"jet-engine-listing-overlay-wrap\" data-url=\"https:\/\/werentmarbella.com\/es\/tipo-de-propiedad\/hotel-es\/\">\t\t<div data-elementor-type=\"jet-listing-items\" data-elementor-id=\"30642\" class=\"elementor elementor-30642 elementor-23240 elementor-23240\" data-elementor-post-type=\"jet-engine\">\n\t\t\t\t<div class=\"elementor-element elementor-element-e24ed90 e-con-full e-transform e-flex e-con e-parent\" data-id=\"e24ed90\" data-element_type=\"container\" data-e-type=\"container\" data-settings=\"{&quot;background_background&quot;:&quot;classic&quot;,&quot;_transform_translateY_effect_hover&quot;:{&quot;unit&quot;:&quot;px&quot;,&quot;size&quot;:-10,&quot;sizes&quot;:[]},&quot;_transform_translateX_effect_hover&quot;:{&quot;unit&quot;:&quot;px&quot;,&quot;size&quot;:&quot;&quot;,&quot;sizes&quot;:[]},&quot;_transform_translateX_effect_hover_tablet&quot;:{&quot;unit&quot;:&quot;px&quot;,&quot;size&quot;:&quot;&quot;,&quot;sizes&quot;:[]},&quot;_transform_translateX_effect_hover_mobile&quot;:{&quot;unit&quot;:&quot;px&quot;,&quot;size&quot;:&quot;&quot;,&quot;sizes&quot;:[]},&quot;_transform_translateY_effect_hover_tablet&quot;:{&quot;unit&quot;:&quot;px&quot;,&quot;size&quot;:&quot;&quot;,&quot;sizes&quot;:[]},&quot;_transform_translateY_effect_hover_mobile&quot;:{&quot;unit&quot;:&quot;px&quot;,&quot;size&quot;:&quot;&quot;,&quot;sizes&quot;:[]}}\">\n\t\t\t\t<div class=\"elementor-element elementor-element-b904432 elementor-widget__width-inherit elementor-widget elementor-widget-jet-listing-dynamic-link\" data-id=\"b904432\" data-element_type=\"widget\" data-e-type=\"widget\" data-widget_type=\"jet-listing-dynamic-link.default\">\n\t\t\t\t\t<a href=\"https:\/\/werentmarbella.com\/es\/tipo-de-propiedad\/hotel-es\/\" class=\"jet-listing-dynamic-link__link\" aria-label=\"Mira Hotel\">Hotel<\/a>\t\t\t\t<\/div>\n\t\t\t\t<\/div>\n\t\t\t\t<\/div>\n\t\t<a href=\"https:\/\/werentmarbella.com\/es\/tipo-de-propiedad\/hotel-es\/\" class=\"jet-engine-listing-overlay-link\"><\/a><\/div><\/div><\/div><\/div>\t\t\t\t<\/div>\n\t\t\t\t\t<\/div>\n\t\t\t\t<\/div>\n\t\t\t\t<\/div>\n\t\t","protected":false},"excerpt":{"rendered":"<p>Vuelos baratos a M\u00e1laga Consigue las mejores ofertas en vuelos baratos a M\u00e1laga. Reserva ahora y ahorra a lo grande en tu pr\u00f3ximo viaje. Disponibilidad limitada, no esperes, \u00a1reserva hoy! Vuelos baratos a M\u00e1laga Aqu\u00ed podr\u00e1 encontrar una amplia selecci\u00f3n de vuelos baratos a M\u00e1laga. Sabemos que encontrar billetes de avi\u00f3n asequibles es una prioridad [&hellip;]<\/p>\n","protected":false},"author":1,"featured_media":28481,"parent":0,"menu_order":0,"comment_status":"closed","ping_status":"closed","template":"elementor_header_footer","meta":{"footnotes":""},"class_list":["post-32783","page","type-page","status-publish","has-post-thumbnail","hentry"],"_links":{"self":[{"href":"https:\/\/werentmarbella.com\/es\/wp-json\/wp\/v2\/pages\/32783","targetHints":{"allow":["GET"]}}],"collection":[{"href":"https:\/\/werentmarbella.com\/es\/wp-json\/wp\/v2\/pages"}],"about":[{"href":"https:\/\/werentmarbella.com\/es\/wp-json\/wp\/v2\/types\/page"}],"author":[{"embeddable":true,"href":"https:\/\/werentmarbella.com\/es\/wp-json\/wp\/v2\/users\/1"}],"replies":[{"embeddable":true,"href":"https:\/\/werentmarbella.com\/es\/wp-json\/wp\/v2\/comments?post=32783"}],"version-history":[{"count":2,"href":"https:\/\/werentmarbella.com\/es\/wp-json\/wp\/v2\/pages\/32783\/revisions"}],"predecessor-version":[{"id":32786,"href":"https:\/\/werentmarbella.com\/es\/wp-json\/wp\/v2\/pages\/32783\/revisions\/32786"}],"wp:featuredmedia":[{"embeddable":true,"href":"https:\/\/werentmarbella.com\/es\/wp-json\/wp\/v2\/media\/28481"}],"wp:attachment":[{"href":"https:\/\/werentmarbella.com\/es\/wp-json\/wp\/v2\/media?parent=32783"}],"curies":[{"name":"wp","href":"https:\/\/api.w.org\/{rel}","templated":true}]}}