{"id":32793,"date":"2020-02-24T22:15:15","date_gmt":"2020-02-24T22:15:15","guid":{"rendered":"https:\/\/werentmarbella.com\/sobre-nosotras\/"},"modified":"2024-11-06T17:23:20","modified_gmt":"2024-11-06T17:23:20","slug":"sobre-nosotras","status":"publish","type":"page","link":"https:\/\/werentmarbella.com\/es\/sobre-nosotras\/","title":{"rendered":"Sobre nosotras"},"content":{"rendered":"\t\t<div data-elementor-type=\"wp-page\" data-elementor-id=\"32793\" class=\"elementor elementor-32793 elementor-16650\" data-elementor-post-type=\"page\">\n\t\t\t\t<div class=\"elementor-element elementor-element-c97c035 e-flex e-con-boxed e-con e-parent\" data-id=\"c97c035\" data-element_type=\"container\" data-e-type=\"container\" data-settings=\"{&quot;background_background&quot;:&quot;classic&quot;}\">\n\t\t\t\t\t<div class=\"e-con-inner\">\n\t\t\t\t<div class=\"elementor-element elementor-element-f90476a jet-breadcrumbs-page-title-yes jet-breadcrumbs-align-center animated-slow elementor-invisible elementor-widget elementor-widget-jet-breadcrumbs\" data-id=\"f90476a\" data-element_type=\"widget\" data-e-type=\"widget\" data-settings=\"{&quot;_animation&quot;:&quot;fadeIn&quot;}\" data-widget_type=\"jet-breadcrumbs.default\">\n\t\t\t\t<div class=\"elementor-widget-container\">\n\t\t\t\t\t<div class=\"elementor-jet-breadcrumbs jet-blocks\">\n\t\t<div class=\"jet-breadcrumbs\">\n\t\t<div class=\"jet-breadcrumbs__content\">\n\t\t<div class=\"jet-breadcrumbs__wrap\"><div class=\"jet-breadcrumbs__item\"><a href=\"https:\/\/werentmarbella.com\/es\/\" class=\"jet-breadcrumbs__item-link is-home\" rel=\"home\" title=\"P\u00e1gina de inicio\">P\u00e1gina de inicio<\/a><\/div>\n\t\t<\/div>\n\t\t<\/div>\n\t\t<\/div><\/div>\t\t\t\t<\/div>\n\t\t\t\t<\/div>\n\t\t\t\t\t<\/div>\n\t\t\t\t<\/div>\n\t\t<div class=\"elementor-element elementor-element-a8a01f3 e-con-full e-flex e-con e-parent\" data-id=\"a8a01f3\" data-element_type=\"container\" data-e-type=\"container\" data-settings=\"{&quot;background_background&quot;:&quot;classic&quot;}\">\n\t\t\t\t<\/div>\n\t\t<div class=\"elementor-element elementor-element-92bbb7c e-flex e-con-boxed e-con e-parent\" data-id=\"92bbb7c\" data-element_type=\"container\" data-e-type=\"container\" data-settings=\"{&quot;background_background&quot;:&quot;classic&quot;}\">\n\t\t\t\t\t<div class=\"e-con-inner\">\n\t\t<div class=\"elementor-element elementor-element-5ef6a45 e-con-full e-flex e-con e-child\" data-id=\"5ef6a45\" data-element_type=\"container\" data-e-type=\"container\" data-settings=\"{&quot;background_background&quot;:&quot;classic&quot;}\">\n\t\t\t\t<div class=\"elementor-element elementor-element-4580bd1 elementor-widget elementor-widget-heading\" data-id=\"4580bd1\" data-element_type=\"widget\" data-e-type=\"widget\" data-widget_type=\"heading.default\">\n\t\t\t\t\t<p class=\"elementor-heading-title elementor-size-default\">Nuestra historia<\/p>\t\t\t\t<\/div>\n\t\t\t\t<div class=\"elementor-element elementor-element-4d6126a elementor-widget__width-inherit elementor-widget elementor-widget-heading\" data-id=\"4d6126a\" data-element_type=\"widget\" data-e-type=\"widget\" data-widget_type=\"heading.default\">\n\t\t\t\t\t<h2 class=\"elementor-heading-title elementor-size-default\">We Rent Marbella - \u00a1Tu puerta a experiencias inolvidables en la Costa del Sol!\n\n<\/h2>\t\t\t\t<\/div>\n\t\t\t\t<div class=\"elementor-element elementor-element-8ae1d10 elementor-widget elementor-widget-spacer\" data-id=\"8ae1d10\" data-element_type=\"widget\" data-e-type=\"widget\" data-widget_type=\"spacer.default\">\n\t\t\t\t\t\t\t<div class=\"elementor-spacer\">\n\t\t\t<div class=\"elementor-spacer-inner\"><\/div>\n\t\t<\/div>\n\t\t\t\t\t\t<\/div>\n\t\t\t\t<div class=\"elementor-element elementor-element-768d36f elementor-widget elementor-widget-text-editor\" data-id=\"768d36f\" data-element_type=\"widget\" data-e-type=\"widget\" data-widget_type=\"text-editor.default\">\n\t\t\t\t\t\t\t\t\t<p>WeRentMarbella.com no es una agencia inmobiliaria; en su lugar, ofrecemos una plataforma para que agentes inmobiliarios, contratistas y terceros muestren sus anuncios. Nuestro sitio web y nuestras aplicaciones m\u00f3viles est\u00e1n gestionados por un contratista independiente con sede en Marbella, Espa\u00f1a, lo que garantiza un servicio dedicado tanto a los propietarios como a los veraneantes. <\/p>\n<p>Con\u00bb<a href=\"https:\/\/werentmarbella.com\/es\/\">We Rent Marbella<\/a>\u00ab, tendr\u00e1s acceso a <a href=\"https:\/\/werentmarbella.com\/es\/ubicaciones\/\">los lugares m\u00e1s codiciados<\/a>, lo que te garantiza que nunca estar\u00e1s lejos del resplandeciente <a href=\"https:\/\/werentmarbella.com\/the-mediterranean-sea-countries-resorts-beaches\/\">mar Mediterr\u00e1neo<\/a>, <a href=\"https:\/\/werentmarbella.com\/es\/playas-en-marbella\/\">las playas v\u00edrgenes<\/a>, <a href=\"https:\/\/werentmarbella.com\/es\/descubre-los-20-mejores-campos-de-golf-de-marbella-y-alrededores\/\">los campos de golf de primera categor\u00eda<\/a> y el ambiente vibrante por el que es conocida Marbella.<\/p>\n<p>Explora nuestra selecta colecci\u00f3n de propiedades excepcionales, cada una de las cuales ofrece servicios incomparables, vistas impresionantes y la m\u00e1xima privacidad. Tanto si buscas una escapada rom\u00e1ntica, un retiro familiar o una lujosa estancia de empresa, tenemos el <a href=\"https:\/\/werentmarbella.com\/es\/\" target=\"_blank\" rel=\"noopener\">alojamiento perfecto<\/a> para satisfacer tus deseos. <\/p>\n<p>Del\u00e9itate con las cosas buenas de la vida y sum\u00e9rgete en la vibrante cultura, la exquisita cocina y las emocionantes actividades que ofrece Marbella. Desde <a href=\"https:\/\/werentmarbella.com\/the-most-exclusive-restaurants-in-marbella\/\">restaurantes con estrellas Michelin<\/a> a <a href=\"https:\/\/werentmarbella.com\/explore-puerto-banus-luxury-marina\/\">tiendas de<\/a> lujo, desde <a href=\"https:\/\/werentmarbella.com\/paddle-surf-marbella-enjoy-sup-in-costa-del-sol\/\">deportes acu\u00e1ticos<\/a> a <a href=\"https:\/\/werentmarbella.com\/best-paddle-clubs-in-marbella\/\">clubes de padel<\/a>, pasando por tranquilos balnearios, Marbella satisface todos los caprichos y deseos. <\/p>\n\t\t\t\t\t\t\t\t<\/div>\n\t\t\t\t<div class=\"elementor-element elementor-element-5e0fd5f elementor-widget-divider--view-line elementor-widget elementor-widget-divider\" data-id=\"5e0fd5f\" data-element_type=\"widget\" data-e-type=\"widget\" data-widget_type=\"divider.default\">\n\t\t\t\t\t\t\t<div class=\"elementor-divider\">\n\t\t\t<span class=\"elementor-divider-separator\">\n\t\t\t\t\t\t<\/span>\n\t\t<\/div>\n\t\t\t\t\t\t<\/div>\n\t\t\t\t<div class=\"elementor-element elementor-element-71e1be5 elementor-widget elementor-widget-text-editor\" data-id=\"71e1be5\" data-element_type=\"widget\" data-e-type=\"widget\" data-widget_type=\"text-editor.default\">\n\t\t\t\t\t\t\t\t\t<p>Experimenta lo \u00faltimo en lujo y confort con <a href=\"https:\/\/werentmarbella.com\/es\/\" rel=\"noopener\">We Rent Marbella<\/a>. Como principal plataforma <a href=\"https:\/\/werentmarbella.com\/es\/vacaciones-marbella\/\">de alquiler vacacional<\/a> en Marbella, ofrecemos una excepcional selecci\u00f3n de hermosas propiedades para una estancia inolvidable en este impresionante para\u00edso costero. <\/p>\n<p>Explora nuestra colecci\u00f3n de magn\u00edficas <a href=\"https:\/\/werentmarbella.com\/property-type\/villa\/\">villas<\/a>, elegantes <a href=\"https:\/\/werentmarbella.com\/property-type\/apartment\/\">apartamentos<\/a> y exclusivas casas frente al mar. Cada propiedad ha sido cuidadosamente elegida para ofrecer una mezcla perfecta de elegancia y relajaci\u00f3n, convirti\u00e9ndola en el escenario ideal para que te relajes y crees recuerdos duraderos con tus seres queridos. <\/p>\n\t\t\t\t\t\t\t\t<\/div>\n\t\t\t\t<div class=\"elementor-element elementor-element-ea18677 elementor-grid-4 elementor-posts--thumbnail-none elementor-posts--align-center elementor-widget__width-inherit elementor-grid-tablet-2 elementor-grid-mobile-1 elementor-widget elementor-widget-posts\" data-id=\"ea18677\" data-element_type=\"widget\" data-e-type=\"widget\" data-settings=\"{&quot;classic_columns&quot;:&quot;4&quot;,&quot;classic_row_gap&quot;:{&quot;unit&quot;:&quot;px&quot;,&quot;size&quot;:20,&quot;sizes&quot;:[]},&quot;classic_columns_tablet&quot;:&quot;2&quot;,&quot;classic_columns_mobile&quot;:&quot;1&quot;,&quot;classic_row_gap_tablet&quot;:{&quot;unit&quot;:&quot;px&quot;,&quot;size&quot;:&quot;&quot;,&quot;sizes&quot;:[]},&quot;classic_row_gap_mobile&quot;:{&quot;unit&quot;:&quot;px&quot;,&quot;size&quot;:&quot;&quot;,&quot;sizes&quot;:[]}}\" data-widget_type=\"posts.classic\">\n\t\t\t\t<div class=\"elementor-widget-container\">\n\t\t\t\t\t\t\t<div class=\"elementor-posts-container elementor-posts elementor-posts--skin-classic elementor-grid\" role=\"list\">\n\t\t\t\t<article class=\"elementor-post elementor-grid-item post-33957 page type-page status-publish has-post-thumbnail hentry\" role=\"listitem\">\n\t\t\t\t<div class=\"elementor-post__text\">\n\t\t\t\t<h3 class=\"elementor-post__title\">\n\t\t\t<a href=\"https:\/\/werentmarbella.com\/es\/vacaciones-marbella\/\" >\n\t\t\t\tVacaciones Marbella\t\t\t<\/a>\n\t\t<\/h3>\n\t\t\t\t<\/div>\n\t\t\t\t<\/article>\n\t\t\t\t<article class=\"elementor-post elementor-grid-item post-32788 page type-page status-publish hentry\" role=\"listitem\">\n\t\t\t\t<div class=\"elementor-post__text\">\n\t\t\t\t<h3 class=\"elementor-post__title\">\n\t\t\t<a href=\"https:\/\/werentmarbella.com\/es\/el-tiempo-en-marbella\/\" >\n\t\t\t\tEl tiempo en Marbella\t\t\t<\/a>\n\t\t<\/h3>\n\t\t\t\t<\/div>\n\t\t\t\t<\/article>\n\t\t\t\t<article class=\"elementor-post elementor-grid-item post-32783 page type-page status-publish has-post-thumbnail hentry\" role=\"listitem\">\n\t\t\t\t<div class=\"elementor-post__text\">\n\t\t\t\t<h3 class=\"elementor-post__title\">\n\t\t\t<a href=\"https:\/\/werentmarbella.com\/es\/vuelos-baratos-a-malaga\/\" >\n\t\t\t\tVuelos baratos a M\u00e1laga\t\t\t<\/a>\n\t\t<\/h3>\n\t\t\t\t<\/div>\n\t\t\t\t<\/article>\n\t\t\t\t<article class=\"elementor-post elementor-grid-item post-31664 page type-page status-publish has-post-thumbnail hentry\" role=\"listitem\">\n\t\t\t\t<div class=\"elementor-post__text\">\n\t\t\t\t<h3 class=\"elementor-post__title\">\n\t\t\t<a href=\"https:\/\/werentmarbella.com\/es\/ubicaciones\/\" >\n\t\t\t\tUbicaciones\t\t\t<\/a>\n\t\t<\/h3>\n\t\t\t\t<\/div>\n\t\t\t\t<\/article>\n\t\t\t\t<\/div>\n\t\t\n\t\t\t\t\t\t<\/div>\n\t\t\t\t<\/div>\n\t\t\t\t<div class=\"elementor-element elementor-element-2043298 elementor-view-default elementor-position-block-start elementor-mobile-position-block-start elementor-widget elementor-widget-icon-box\" data-id=\"2043298\" data-element_type=\"widget\" data-e-type=\"widget\" data-widget_type=\"icon-box.default\">\n\t\t\t\t\t\t\t<div class=\"elementor-icon-box-wrapper\">\n\n\t\t\t\t\t\t<div class=\"elementor-icon-box-icon\">\n\t\t\t\t<span  class=\"elementor-icon\">\n\t\t\t\t<svg aria-hidden=\"true\" class=\"e-font-icon-svg e-far-comments\" viewBox=\"0 0 576 512\" xmlns=\"http:\/\/www.w3.org\/2000\/svg\"><path d=\"M532 386.2c27.5-27.1 44-61.1 44-98.2 0-80-76.5-146.1-176.2-157.9C368.3 72.5 294.3 32 208 32 93.1 32 0 103.6 0 192c0 37 16.5 71 44 98.2-15.3 30.7-37.3 54.5-37.7 54.9-6.3 6.7-8.1 16.5-4.4 25 3.6 8.5 12 14 21.2 14 53.5 0 96.7-20.2 125.2-38.8 9.2 2.1 18.7 3.7 28.4 4.9C208.1 407.6 281.8 448 368 448c20.8 0 40.8-2.4 59.8-6.8C456.3 459.7 499.4 480 553 480c9.2 0 17.5-5.5 21.2-14 3.6-8.5 1.9-18.3-4.4-25-.4-.3-22.5-24.1-37.8-54.8zm-392.8-92.3L122.1 305c-14.1 9.1-28.5 16.3-43.1 21.4 2.7-4.7 5.4-9.7 8-14.8l15.5-31.1L77.7 256C64.2 242.6 48 220.7 48 192c0-60.7 73.3-112 160-112s160 51.3 160 112-73.3 112-160 112c-16.5 0-33-1.9-49-5.6l-19.8-4.5zM498.3 352l-24.7 24.4 15.5 31.1c2.6 5.1 5.3 10.1 8 14.8-14.6-5.1-29-12.3-43.1-21.4l-17.1-11.1-19.9 4.6c-16 3.7-32.5 5.6-49 5.6-54 0-102.2-20.1-131.3-49.7C338 339.5 416 272.9 416 192c0-3.4-.4-6.7-.7-10C479.7 196.5 528 238.8 528 288c0 28.7-16.2 50.6-29.7 64z\"><\/path><\/svg>\t\t\t\t<\/span>\n\t\t\t<\/div>\n\t\t\t\n\t\t\t\t\t\t<div class=\"elementor-icon-box-content\">\n\n\t\t\t\t\t\t\t\t\t<h3 class=\"elementor-icon-box-title\">\n\t\t\t\t\t\t<span  >\n\t\t\t\t\t\t\tWhat does we rent out mean?\t\t\t\t\t\t<\/span>\n\t\t\t\t\t<\/h3>\n\t\t\t\t\n\t\t\t\t\t\t\t\t\t<p class=\"elementor-icon-box-description\">\n\t\t\t\t\t\tGrant the services of or the temporary use of, for a fee. \u201cWe rent out our apartment to tourists every year\u201d synonyms: farm out, hire out. lend, loan.\t\t\t\t\t<\/p>\n\t\t\t\t\n\t\t\t<\/div>\n\t\t\t\n\t\t<\/div>\n\t\t\t\t\t\t<\/div>\n\t\t\t\t<div class=\"elementor-element elementor-element-56e7296 elementor-widget-divider--view-line elementor-widget elementor-widget-divider\" data-id=\"56e7296\" data-element_type=\"widget\" data-e-type=\"widget\" data-widget_type=\"divider.default\">\n\t\t\t\t\t\t\t<div class=\"elementor-divider\">\n\t\t\t<span class=\"elementor-divider-separator\">\n\t\t\t\t\t\t<\/span>\n\t\t<\/div>\n\t\t\t\t\t\t<\/div>\n\t\t\t\t<div class=\"elementor-element elementor-element-4126212 elementor-widget elementor-widget-heading\" data-id=\"4126212\" data-element_type=\"widget\" data-e-type=\"widget\" data-widget_type=\"heading.default\">\n\t\t\t\t\t<h5 class=\"elementor-heading-title elementor-size-default\">We Rent Colecci\u00f3n de propiedades<\/h5>\t\t\t\t<\/div>\n\t\t\t\t<div class=\"elementor-element elementor-element-126d939 elementor-widget elementor-widget-jet-posts\" data-id=\"126d939\" data-element_type=\"widget\" data-e-type=\"widget\" data-settings=\"{&quot;columns&quot;:&quot;1&quot;}\" data-widget_type=\"jet-posts.default\">\n\t\t\t\t<div class=\"elementor-widget-container\">\n\t\t\t\t\t<div class=\"elementor-jet-posts jet-elements\"><div class=\"jet-posts col-row disable-cols-gap disable-rows-gap\"><div class=\"jet-posts__item\">\n\t<div class=\"jet-posts__inner-box\"><div class=\"jet-posts__inner-content\"><h4 class=\"entry-title\"><a href=\"https:\/\/werentmarbella.com\/es\/bienes-ra\u00edces\/don-carlos-resort-spa\/\" target=\"\">Don Carlos Resort &amp; Spa<\/a><\/h4><\/div><\/div>\n<\/div>\n<div class=\"jet-posts__item\">\n\t<div class=\"jet-posts__inner-box\"><div class=\"jet-posts__inner-content\"><h4 class=\"entry-title\"><a href=\"https:\/\/werentmarbella.com\/es\/bienes-ra\u00edces\/apartamento-de-2-dormitorios-en-primera-linea-de-playa\/\" target=\"\">Apartamento de 2 dormitorios en primera l\u00ednea de playa<\/a><\/h4><\/div><\/div>\n<\/div>\n<div class=\"jet-posts__item\">\n\t<div class=\"jet-posts__inner-box\"><div class=\"jet-posts__inner-content\"><h4 class=\"entry-title\"><a href=\"https:\/\/werentmarbella.com\/es\/bienes-ra\u00edces\/hotel-alanda-marbella\/\" target=\"\">Hotel Alanda Marbella<\/a><\/h4><\/div><\/div>\n<\/div>\n<div class=\"jet-posts__item\">\n\t<div class=\"jet-posts__inner-box\"><div class=\"jet-posts__inner-content\"><h4 class=\"entry-title\"><a href=\"https:\/\/werentmarbella.com\/es\/bienes-ra\u00edces\/iberostar-selection-marbella-coral-beach\/\" target=\"\">Iberostar Selection Marbella Coral Beach<\/a><\/h4><\/div><\/div>\n<\/div>\n<div class=\"jet-posts__item\">\n\t<div class=\"jet-posts__inner-box\"><div class=\"jet-posts__inner-content\"><h4 class=\"entry-title\"><a href=\"https:\/\/werentmarbella.com\/es\/bienes-ra\u00edces\/occidental-puerto-banus\/\" target=\"\">Occidental Puerto Ban\u00fas<\/a><\/h4><\/div><\/div>\n<\/div>\n<div class=\"jet-posts__item\">\n\t<div class=\"jet-posts__inner-box\"><div class=\"jet-posts__inner-content\"><h4 class=\"entry-title\"><a href=\"https:\/\/werentmarbella.com\/es\/bienes-ra\u00edces\/eurostars-oasis-marbella\/\" target=\"\">Eurostars Oasis Marbella<\/a><\/h4><\/div><\/div>\n<\/div>\n<div class=\"jet-posts__item\">\n\t<div class=\"jet-posts__inner-box\"><div class=\"jet-posts__inner-content\"><h4 class=\"entry-title\"><a href=\"https:\/\/werentmarbella.com\/es\/bienes-ra\u00edces\/apartamento-de-3-habitaciones-en-puente-romano\/\" target=\"\">Apartamento de 3 habitaciones en Puente Romano<\/a><\/h4><\/div><\/div>\n<\/div>\n<div class=\"jet-posts__item\">\n\t<div class=\"jet-posts__inner-box\"><div class=\"jet-posts__inner-content\"><h4 class=\"entry-title\"><a href=\"https:\/\/werentmarbella.com\/es\/bienes-ra\u00edces\/casa-adosada-de-5-dormitorios-en-puente-romano-hills\/\" target=\"\">Casa adosada de 5 dormitorios en Puente Romano Hills<\/a><\/h4><\/div><\/div>\n<\/div>\n<div class=\"jet-posts__item\">\n\t<div class=\"jet-posts__inner-box\"><div class=\"jet-posts__inner-content\"><h4 class=\"entry-title\"><a href=\"https:\/\/werentmarbella.com\/es\/bienes-ra\u00edces\/apartamento-de-3-dormitorios-en-playas-del-duque\/\" target=\"\">Apartamento de 3 dormitorios en Playas del Duque<\/a><\/h4><\/div><\/div>\n<\/div>\n<div class=\"jet-posts__item\">\n\t<div class=\"jet-posts__inner-box\"><div class=\"jet-posts__inner-content\"><h4 class=\"entry-title\"><a href=\"https:\/\/werentmarbella.com\/es\/bienes-ra\u00edces\/apartamento-de-2-habitaciones-con-piscina\/\" target=\"\">Apartamento de 2 habitaciones con piscina<\/a><\/h4><\/div><\/div>\n<\/div>\n<div class=\"jet-posts__item\">\n\t<div class=\"jet-posts__inner-box\"><div class=\"jet-posts__inner-content\"><h4 class=\"entry-title\"><a href=\"https:\/\/werentmarbella.com\/es\/bienes-ra\u00edces\/apartamento-de-dos-habitaciones-en-urb-lorcrimar\/\" target=\"\">Apartamento de dos habitaciones en Urb. Lorcrimar<\/a><\/h4><\/div><\/div>\n<\/div>\n<div class=\"jet-posts__item\">\n\t<div class=\"jet-posts__inner-box\"><div class=\"jet-posts__inner-content\"><h4 class=\"entry-title\"><a href=\"https:\/\/werentmarbella.com\/es\/bienes-ra\u00edces\/apartamento-de-un-dormitorio-en-marbella-centro\/\" target=\"\">Apartamento de un dormitorio en Marbella Centro<\/a><\/h4><\/div><\/div>\n<\/div>\n<\/div>\n<\/div>\t\t\t\t<\/div>\n\t\t\t\t<\/div>\n\t\t\t\t<\/div>\n\t\t\t\t\t<\/div>\n\t\t\t\t<\/div>\n\t\t<div class=\"elementor-element elementor-element-08fa5b6 e-con-full e-flex e-con e-parent\" data-id=\"08fa5b6\" data-element_type=\"container\" data-e-type=\"container\" data-settings=\"{&quot;background_background&quot;:&quot;classic&quot;}\">\n\t\t\t\t<div class=\"elementor-element elementor-element-55079ed elementor-widget elementor-widget-heading\" data-id=\"55079ed\" data-element_type=\"widget\" data-e-type=\"widget\" data-widget_type=\"heading.default\">\n\t\t\t\t\t<h3 class=\"elementor-heading-title elementor-size-default\">Lea nuestro blog<\/h3>\t\t\t\t<\/div>\n\t\t\t\t<div class=\"elementor-element elementor-element-a84f218 elementor-widget elementor-widget-jet-posts\" data-id=\"a84f218\" data-element_type=\"widget\" data-e-type=\"widget\" data-settings=\"{&quot;columns_tablet&quot;:&quot;2&quot;,&quot;columns_mobile&quot;:&quot;1&quot;,&quot;columns&quot;:&quot;4&quot;,&quot;slides_to_scroll&quot;:&quot;1&quot;}\" data-widget_type=\"jet-posts.default\">\n\t\t\t\t<div class=\"elementor-widget-container\">\n\t\t\t\t\t<div class=\"elementor-jet-posts jet-elements\"><div class=\"jet-posts col-row  jet-equal-cols\"><div class=\"jet-posts__item\">\n\t<div class=\"jet-posts__inner-box\"><div class=\"post-thumbnail\"><a href=\"https:\/\/werentmarbella.com\/es\/escapadas-sostenibles-alquileres-vacacionales-ecologicos-en-espana\/\" class=\"post-thumbnail__link\"><img loading=\"lazy\" decoding=\"async\" class=\"post-thumbnail__img wp-post-image\" src=\"https:\/\/werentmarbella.com\/wp-content\/uploads\/2024\/11\/Eco-Friendly-Vacation-Rentals-in-Spain-768x512.jpg\" alt=\"Escapadas sostenibles: Alquileres vacacionales ecol\u00f3gicos en Espa\u00f1a\" loading=\"lazy\" width=\"768\" height=\"512\" title=\"\"><\/a><\/div><div class=\"jet-posts__inner-content\"><h4 class=\"entry-title\"><a href=\"https:\/\/werentmarbella.com\/es\/escapadas-sostenibles-alquileres-vacacionales-ecologicos-en-espana\/\" target=\"\">Escapadas sostenibles: Alquileres vacacionales ecol\u00f3gicos en Espa\u00f1a<\/a><\/h4><\/div><\/div>\n<\/div>\n<div class=\"jet-posts__item\">\n\t<div class=\"jet-posts__inner-box\"><div class=\"post-thumbnail\"><a href=\"https:\/\/werentmarbella.com\/es\/que-esta-pasando-en-marbella-lo-mas-destacado-de-la-semana\/\" class=\"post-thumbnail__link\"><img loading=\"lazy\" decoding=\"async\" class=\"post-thumbnail__img wp-post-image\" src=\"https:\/\/werentmarbella.com\/wp-content\/uploads\/2024\/02\/Delving-into-Marbellas-Climate-768x512.jpg\" alt=\"Qu\u00e9 est\u00e1 pasando en Marbella: Lo m\u00e1s destacado de la semana\" loading=\"lazy\" width=\"768\" height=\"512\" title=\"\"><\/a><\/div><div class=\"jet-posts__inner-content\"><h4 class=\"entry-title\"><a href=\"https:\/\/werentmarbella.com\/es\/que-esta-pasando-en-marbella-lo-mas-destacado-de-la-semana\/\" target=\"\">Qu\u00e9 est\u00e1 pasando en Marbella: Lo m\u00e1s destacado de la semana<\/a><\/h4><\/div><\/div>\n<\/div>\n<div class=\"jet-posts__item\">\n\t<div class=\"jet-posts__inner-box\"><div class=\"post-thumbnail\"><a href=\"https:\/\/werentmarbella.com\/es\/como-montar-un-negocio-de-alquiler-de-vacaciones-de-lujo\/\" class=\"post-thumbnail__link\"><img loading=\"lazy\" decoding=\"async\" class=\"post-thumbnail__img wp-post-image\" src=\"https:\/\/werentmarbella.com\/wp-content\/uploads\/2024\/11\/How-to-start-a-luxury-holiday-villa-rental-business-768x512.jpg\" alt=\"\u00bfC\u00f3mo montar un negocio de alquiler de vacaciones de lujo?\" loading=\"lazy\" width=\"768\" height=\"512\" title=\"\"><\/a><\/div><div class=\"jet-posts__inner-content\"><h4 class=\"entry-title\"><a href=\"https:\/\/werentmarbella.com\/es\/como-montar-un-negocio-de-alquiler-de-vacaciones-de-lujo\/\" target=\"\">\u00bfC\u00f3mo montar un negocio de alquiler de vacaciones de lujo?<\/a><\/h4><\/div><\/div>\n<\/div>\n<div class=\"jet-posts__item\">\n\t<div class=\"jet-posts__inner-box\"><div class=\"post-thumbnail\"><a href=\"https:\/\/werentmarbella.com\/es\/las-comodidades-que-quieren-los-huespedes-como-hacer-que-tu-alojamiento-destaque\/\" class=\"post-thumbnail__link\"><img loading=\"lazy\" decoding=\"async\" class=\"post-thumbnail__img wp-post-image\" src=\"https:\/\/werentmarbella.com\/wp-content\/uploads\/2024\/11\/The-Amenities-Guests-Want-How-to-Make-Your-Listing-Stand-Out-768x512.jpg\" alt=\"Las comodidades que quieren los hu\u00e9spedes: c\u00f3mo hacer que tu alojamiento destaque\" loading=\"lazy\" width=\"768\" height=\"512\" title=\"\"><\/a><\/div><div class=\"jet-posts__inner-content\"><h4 class=\"entry-title\"><a href=\"https:\/\/werentmarbella.com\/es\/las-comodidades-que-quieren-los-huespedes-como-hacer-que-tu-alojamiento-destaque\/\" target=\"\">Las comodidades que quieren los hu\u00e9spedes: c\u00f3mo hacer que tu alojamiento destaque<\/a><\/h4><\/div><\/div>\n<\/div>\n<\/div>\n<\/div>\t\t\t\t<\/div>\n\t\t\t\t<\/div>\n\t\t\t\t<\/div>\n\t\t\t\t<\/div>\n\t\t","protected":false},"excerpt":{"rendered":"<p>Homepage Nuestra historia We Rent Marbella &#8211; \u00a1Tu puerta a experiencias inolvidables en la Costa del Sol! WeRentMarbella.com no es una agencia inmobiliaria; en su<\/p>\n","protected":false},"author":1,"featured_media":27929,"parent":0,"menu_order":2,"comment_status":"closed","ping_status":"closed","template":"elementor_header_footer","meta":{"footnotes":""},"class_list":["post-32793","page","type-page","status-publish","has-post-thumbnail","hentry"],"_links":{"self":[{"href":"https:\/\/werentmarbella.com\/es\/wp-json\/wp\/v2\/pages\/32793","targetHints":{"allow":["GET"]}}],"collection":[{"href":"https:\/\/werentmarbella.com\/es\/wp-json\/wp\/v2\/pages"}],"about":[{"href":"https:\/\/werentmarbella.com\/es\/wp-json\/wp\/v2\/types\/page"}],"author":[{"embeddable":true,"href":"https:\/\/werentmarbella.com\/es\/wp-json\/wp\/v2\/users\/1"}],"replies":[{"embeddable":true,"href":"https:\/\/werentmarbella.com\/es\/wp-json\/wp\/v2\/comments?post=32793"}],"version-history":[{"count":5,"href":"https:\/\/werentmarbella.com\/es\/wp-json\/wp\/v2\/pages\/32793\/revisions"}],"predecessor-version":[{"id":34906,"href":"https:\/\/werentmarbella.com\/es\/wp-json\/wp\/v2\/pages\/32793\/revisions\/34906"}],"wp:featuredmedia":[{"embeddable":true,"href":"https:\/\/werentmarbella.com\/es\/wp-json\/wp\/v2\/media\/27929"}],"wp:attachment":[{"href":"https:\/\/werentmarbella.com\/es\/wp-json\/wp\/v2\/media?parent=32793"}],"curies":[{"name":"wp","href":"https:\/\/api.w.org\/{rel}","templated":true}]}}