{"id":33400,"date":"2023-07-14T23:13:53","date_gmt":"2023-07-14T23:13:53","guid":{"rendered":"https:\/\/werentmarbella.com\/hoteles\/"},"modified":"2024-10-07T18:45:05","modified_gmt":"2024-10-07T18:45:05","slug":"hoteles","status":"publish","type":"page","link":"https:\/\/werentmarbella.com\/es\/hoteles\/","title":{"rendered":"Hoteles"},"content":{"rendered":"\t\t<div data-elementor-type=\"wp-page\" data-elementor-id=\"33400\" class=\"elementor elementor-33400 elementor-21307\" data-elementor-post-type=\"page\">\n\t\t\t\t<div class=\"elementor-element elementor-element-bf30e22 e-flex e-con-boxed e-con e-parent\" data-id=\"bf30e22\" data-element_type=\"container\" data-e-type=\"container\" data-settings=\"{&quot;background_background&quot;:&quot;classic&quot;}\">\n\t\t\t\t\t<div class=\"e-con-inner\">\n\t\t\t\t<div class=\"elementor-element elementor-element-ed49ae5 elementor-widget elementor-widget-heading\" data-id=\"ed49ae5\" data-element_type=\"widget\" data-e-type=\"widget\" data-widget_type=\"heading.default\">\n\t\t\t\t\t<h1 class=\"elementor-heading-title elementor-size-default\">Hoteles de lujo<\/h1>\t\t\t\t<\/div>\n\t\t\t\t<div class=\"elementor-element elementor-element-d3d0e50 elementor-widget__width-inherit elementor-widget elementor-widget-text-editor\" data-id=\"d3d0e50\" data-element_type=\"widget\" data-e-type=\"widget\" data-widget_type=\"text-editor.default\">\n\t\t\t\t\t\t\t\t\t<p>Reserva un Hotel en Marbella con Descuento y Ahorra Hasta un 60%<\/p>\n\t\t\t\t\t\t\t\t<\/div>\n\t\t\t\t\t<\/div>\n\t\t\t\t<\/div>\n\t\t<div class=\"elementor-element elementor-element-3aa7fe7 e-con-full e-flex e-con e-parent\" data-id=\"3aa7fe7\" data-element_type=\"container\" data-e-type=\"container\" data-settings=\"{&quot;background_background&quot;:&quot;classic&quot;}\">\n\t\t<div class=\"elementor-element elementor-element-fcd4bab e-flex e-con-boxed e-con e-child\" data-id=\"fcd4bab\" data-element_type=\"container\" data-e-type=\"container\">\n\t\t\t\t\t<div class=\"e-con-inner\">\n\t\t\t\t<div class=\"elementor-element elementor-element-4b93193 elementor-widget elementor-widget-text-editor\" data-id=\"4b93193\" data-element_type=\"widget\" data-e-type=\"widget\" data-widget_type=\"text-editor.default\">\n\t\t\t\t\t\t\t\t\t<p>Comparamos los precios de las habitaciones en 70 servicios de reserva de hoteles diferentes, lo que te permite elegir las ofertas m\u00e1s asequibles.<\/p>\n\t\t\t\t\t\t\t\t<\/div>\n\t\t\t\t<div class=\"elementor-element elementor-element-f52e2f9 elementor-widget elementor-widget-text-editor\" data-id=\"f52e2f9\" data-element_type=\"widget\" data-e-type=\"widget\" data-widget_type=\"text-editor.default\">\n\t\t\t\t\t\t\t\t\t<p>El precio de una misma habitaci\u00f3n puede variar seg\u00fan el sitio web que utilices. La comparaci\u00f3n de precios permite encontrar la mejor oferta. Adem\u00e1s, a veces la misma habitaci\u00f3n puede tener un estado de disponibilidad diferente en otro sistema.  <\/p>\n<p>Buscamos tanto en los mayores sitios web de reservas como en los peque\u00f1os sistemas locales. A menudo, los peque\u00f1os hoteles familiares no aparecen en las grandes webs de reservas. <\/p>\n\t\t\t\t\t\t\t\t<\/div>\n\t\t\t\t\t<\/div>\n\t\t\t\t<\/div>\n\t\t\t\t<\/div>\n\t\t<div class=\"elementor-element elementor-element-b1f0126 e-con-full e-flex e-con e-parent\" data-id=\"b1f0126\" data-element_type=\"container\" data-e-type=\"container\" data-settings=\"{&quot;background_background&quot;:&quot;classic&quot;}\">\n\t\t<div class=\"elementor-element elementor-element-0145c76 e-con-full e-flex e-con e-child\" data-id=\"0145c76\" data-element_type=\"container\" data-e-type=\"container\">\n\t\t\t\t<div class=\"elementor-element elementor-element-4e201a6 elementor-widget__width-inherit elementor-widget elementor-widget-html\" data-id=\"4e201a6\" data-element_type=\"widget\" data-e-type=\"widget\" data-widget_type=\"html.default\">\n\t\t\t\t\t<script src=\"https:\/\/www.booking.com\/affiliate\/prelanding_sdk\"><\/script><div id=\"bookingAffiliateWidget_5156f3c8-329e-4b65-a6b1-c24d75bb6d47\">&nbsp;<\/div><script>(function () {\n          var BookingAffiliateWidget = new Booking.AffiliateWidget({\n  \"iframeSettings\": {\n    \"selector\": \"bookingAffiliateWidget_5156f3c8-329e-4b65-a6b1-c24d75bb6d47\",\n    \"responsive\": true\n  },\n  \"widgetSettings\": {\n    \"ss\": \"Marbella, Andaluc\u00eda, Spain\",\n    \"latitude\": 36.51091,\n    \"longitude\": -4.88084,\n    \"zoom\": 12,\n    \"customMarkerTitle\": \" Marbella\"\n  }\n});\n      })();\n  <\/script>\t\t\t\t<\/div>\n\t\t\t\t<\/div>\n\t\t\t\t<\/div>\n\t\t<div class=\"elementor-element elementor-element-2f99d2e e-flex e-con-boxed e-con e-parent\" data-id=\"2f99d2e\" data-element_type=\"container\" data-e-type=\"container\">\n\t\t\t\t\t<div class=\"e-con-inner\">\n\t\t\t\t<div class=\"elementor-element elementor-element-f7cbf65 elementor-widget elementor-widget-heading\" data-id=\"f7cbf65\" data-element_type=\"widget\" data-e-type=\"widget\" data-widget_type=\"heading.default\">\n\t\t\t\t\t<h2 class=\"elementor-heading-title elementor-size-default\">Los mejores hoteles de Marbella<\/h2>\t\t\t\t<\/div>\n\t\t\t\t<div class=\"elementor-element elementor-element-2ed0d89 elementor-widget elementor-widget-text-editor\" data-id=\"2ed0d89\" data-element_type=\"widget\" data-e-type=\"widget\" data-widget_type=\"text-editor.default\">\n\t\t\t\t\t\t\t\t\t<p>Utilizamos <a href=\"https:\/\/www.trustyou.com\/\" target=\"_blank\" rel=\"noopener\">TrustYou\u2122<\/a>, el sistema inteligente de an\u00e1lisis sem\u00e1ntico, para recopilar opiniones de muchos servicios de reservas (como Booking.com, Agoda, Hotel.com y otros), y calcular valoraciones basadas en todas las opiniones disponibles en Internet.<\/p>\n\t\t\t\t\t\t\t\t<\/div>\n\t\t\t\t\t<\/div>\n\t\t\t\t<\/div>\n\t\t<div class=\"elementor-element elementor-element-842fe7c e-con-full e-flex e-con e-parent\" data-id=\"842fe7c\" data-element_type=\"container\" data-e-type=\"container\" data-settings=\"{&quot;background_background&quot;:&quot;classic&quot;}\">\n\t\t\t\t<div class=\"elementor-element elementor-element-5cc9e49 elementor-widget elementor-widget-heading\" data-id=\"5cc9e49\" data-element_type=\"widget\" data-e-type=\"widget\" data-widget_type=\"heading.default\">\n\t\t\t\t\t<h3 class=\"elementor-heading-title elementor-size-default\">Lo \u00faltimo del Blog<\/h3>\t\t\t\t<\/div>\n\t\t\t\t<div class=\"elementor-element elementor-element-c0e879d elementor-posts--thumbnail-none elementor-grid-3 elementor-grid-tablet-2 elementor-grid-mobile-1 elementor-widget elementor-widget-posts\" data-id=\"c0e879d\" data-element_type=\"widget\" data-e-type=\"widget\" data-settings=\"{&quot;classic_row_gap&quot;:{&quot;unit&quot;:&quot;px&quot;,&quot;size&quot;:40,&quot;sizes&quot;:[]},&quot;classic_columns&quot;:&quot;3&quot;,&quot;classic_columns_tablet&quot;:&quot;2&quot;,&quot;classic_columns_mobile&quot;:&quot;1&quot;,&quot;classic_row_gap_tablet&quot;:{&quot;unit&quot;:&quot;px&quot;,&quot;size&quot;:&quot;&quot;,&quot;sizes&quot;:[]},&quot;classic_row_gap_mobile&quot;:{&quot;unit&quot;:&quot;px&quot;,&quot;size&quot;:&quot;&quot;,&quot;sizes&quot;:[]}}\" data-widget_type=\"posts.classic\">\n\t\t\t\t<div class=\"elementor-widget-container\">\n\t\t\t\t\t\t\t<div class=\"elementor-posts-container elementor-posts elementor-posts--skin-classic elementor-grid\" role=\"list\">\n\t\t\t\t<article class=\"elementor-post elementor-grid-item post-35401 post type-post status-publish format-standard has-post-thumbnail hentry category-negocio\" role=\"listitem\">\n\t\t\t\t<div class=\"elementor-post__text\">\n\t\t\t\t<h4 class=\"elementor-post__title\">\n\t\t\t<a href=\"https:\/\/werentmarbella.com\/es\/escapadas-sostenibles-alquileres-vacacionales-ecologicos-en-espana\/\">\n\t\t\t\tEscapadas sostenibles: Alquileres vacacionales ecol\u00f3gicos en Espa\u00f1a\t\t\t<\/a>\n\t\t<\/h4>\n\t\t\t\t<\/div>\n\t\t\t\t<\/article>\n\t\t\t\t<article class=\"elementor-post elementor-grid-item post-35444 post type-post status-publish format-standard has-post-thumbnail hentry category-noticias tag-2024-es\" role=\"listitem\">\n\t\t\t\t<div class=\"elementor-post__text\">\n\t\t\t\t<h4 class=\"elementor-post__title\">\n\t\t\t<a href=\"https:\/\/werentmarbella.com\/es\/que-esta-pasando-en-marbella-lo-mas-destacado-de-la-semana\/\">\n\t\t\t\tQu\u00e9 est\u00e1 pasando en Marbella: Lo m\u00e1s destacado de la semana\t\t\t<\/a>\n\t\t<\/h4>\n\t\t\t\t<\/div>\n\t\t\t\t<\/article>\n\t\t\t\t<article class=\"elementor-post elementor-grid-item post-35403 post type-post status-publish format-standard has-post-thumbnail hentry category-guia category-negocio category-wiki-es tag-2025-es\" role=\"listitem\">\n\t\t\t\t<div class=\"elementor-post__text\">\n\t\t\t\t<h4 class=\"elementor-post__title\">\n\t\t\t<a href=\"https:\/\/werentmarbella.com\/es\/como-montar-un-negocio-de-alquiler-de-vacaciones-de-lujo\/\">\n\t\t\t\t\u00bfC\u00f3mo montar un negocio de alquiler de vacaciones de lujo?\t\t\t<\/a>\n\t\t<\/h4>\n\t\t\t\t<\/div>\n\t\t\t\t<\/article>\n\t\t\t\t<article class=\"elementor-post elementor-grid-item post-35416 post type-post status-publish format-standard has-post-thumbnail hentry category-marketing-es category-negocio category-wiki-es\" role=\"listitem\">\n\t\t\t\t<div class=\"elementor-post__text\">\n\t\t\t\t<h4 class=\"elementor-post__title\">\n\t\t\t<a href=\"https:\/\/werentmarbella.com\/es\/las-comodidades-que-quieren-los-huespedes-como-hacer-que-tu-alojamiento-destaque\/\">\n\t\t\t\tLas comodidades que quieren los hu\u00e9spedes: c\u00f3mo hacer que tu alojamiento destaque\t\t\t<\/a>\n\t\t<\/h4>\n\t\t\t\t<\/div>\n\t\t\t\t<\/article>\n\t\t\t\t<article class=\"elementor-post elementor-grid-item post-35406 post type-post status-publish format-standard has-post-thumbnail hentry category-negocio category-wiki-es tag-2025-es tag-lujo tag-viajar\" role=\"listitem\">\n\t\t\t\t<div class=\"elementor-post__text\">\n\t\t\t\t<h4 class=\"elementor-post__title\">\n\t\t\t<a href=\"https:\/\/werentmarbella.com\/es\/merece-realmente-la-pena-airbnb-lo-que-debes-saber-antes-de-reservar\/\">\n\t\t\t\t\u00bfMerece realmente la pena Airbnb? Lo que debes saber antes de reservar\t\t\t<\/a>\n\t\t<\/h4>\n\t\t\t\t<\/div>\n\t\t\t\t<\/article>\n\t\t\t\t<article class=\"elementor-post elementor-grid-item post-35407 post type-post status-publish format-standard has-post-thumbnail hentry category-cosas-para-hacer category-destinos tag-2025-es tag-viajar\" role=\"listitem\">\n\t\t\t\t<div class=\"elementor-post__text\">\n\t\t\t\t<h4 class=\"elementor-post__title\">\n\t\t\t<a href=\"https:\/\/werentmarbella.com\/es\/donde-alojarse-en-malaga\/\">\n\t\t\t\tD\u00f3nde alojarse en M\u00e1laga\t\t\t<\/a>\n\t\t<\/h4>\n\t\t\t\t<\/div>\n\t\t\t\t<\/article>\n\t\t\t\t<article class=\"elementor-post elementor-grid-item post-35413 post type-post status-publish format-standard has-post-thumbnail hentry category-cosas-para-hacer category-destinos category-guia tag-2025-es tag-viajar\" role=\"listitem\">\n\t\t\t\t<div class=\"elementor-post__text\">\n\t\t\t\t<h4 class=\"elementor-post__title\">\n\t\t\t<a href=\"https:\/\/werentmarbella.com\/es\/viajar-en-solitario-una-aventura-para-todos\/\">\n\t\t\t\tViajar en solitario: una aventura para todos\t\t\t<\/a>\n\t\t<\/h4>\n\t\t\t\t<\/div>\n\t\t\t\t<\/article>\n\t\t\t\t<article class=\"elementor-post elementor-grid-item post-35410 post type-post status-publish format-standard hentry category-guia tag-escapada\" role=\"listitem\">\n\t\t\t\t<div class=\"elementor-post__text\">\n\t\t\t\t<h4 class=\"elementor-post__title\">\n\t\t\t<a href=\"https:\/\/werentmarbella.com\/es\/vacaciones-en-marbella-tu-escapada-definitiva\/\">\n\t\t\t\tVacaciones en Marbella: Tu escapada definitiva\t\t\t<\/a>\n\t\t<\/h4>\n\t\t\t\t<\/div>\n\t\t\t\t<\/article>\n\t\t\t\t<article class=\"elementor-post elementor-grid-item post-33358 post type-post status-publish format-standard has-post-thumbnail hentry category-cosas-para-hacer category-guia tag-clubes tag-golf-es tag-lujo\" role=\"listitem\">\n\t\t\t\t<div class=\"elementor-post__text\">\n\t\t\t\t<h4 class=\"elementor-post__title\">\n\t\t\t<a href=\"https:\/\/werentmarbella.com\/es\/los-5-mejores-campos-de-golf-de-marbella-y-estepona\/\">\n\t\t\t\tLos 5 mejores campos de golf de Marbella y Estepona\t\t\t<\/a>\n\t\t<\/h4>\n\t\t\t\t<\/div>\n\t\t\t\t<\/article>\n\t\t\t\t<\/div>\n\t\t\n\t\t\t\t\t\t<\/div>\n\t\t\t\t<\/div>\n\t\t\t\t<\/div>\n\t\t<div class=\"elementor-element elementor-element-60185ab e-con-full e-flex e-con e-parent\" data-id=\"60185ab\" data-element_type=\"container\" data-e-type=\"container\">\n\t\t\t\t<div class=\"elementor-element elementor-element-bb8d04e elementor-widget elementor-widget-jet-listing-grid\" data-id=\"bb8d04e\" data-element_type=\"widget\" data-e-type=\"widget\" data-settings=\"{&quot;columns&quot;:&quot;5&quot;}\" data-widget_type=\"jet-listing-grid.default\">\n\t\t\t\t\t<div class=\"jet-listing-notice\">Please select listing to show.<\/div>\t\t\t\t<\/div>\n\t\t\t\t<\/div>\n\t\t\t\t<\/div>\n\t\t","protected":false},"excerpt":{"rendered":"<p>Hoteles de lujo Reserva un Hotel en Marbella con Descuento y Ahorra Hasta un 60% Comparamos los precios de las habitaciones en 70 servicios de<\/p>\n","protected":false},"author":1,"featured_media":0,"parent":0,"menu_order":0,"comment_status":"closed","ping_status":"closed","template":"elementor_header_footer","meta":{"footnotes":""},"class_list":["post-33400","page","type-page","status-publish","hentry"],"_links":{"self":[{"href":"https:\/\/werentmarbella.com\/es\/wp-json\/wp\/v2\/pages\/33400","targetHints":{"allow":["GET"]}}],"collection":[{"href":"https:\/\/werentmarbella.com\/es\/wp-json\/wp\/v2\/pages"}],"about":[{"href":"https:\/\/werentmarbella.com\/es\/wp-json\/wp\/v2\/types\/page"}],"author":[{"embeddable":true,"href":"https:\/\/werentmarbella.com\/es\/wp-json\/wp\/v2\/users\/1"}],"replies":[{"embeddable":true,"href":"https:\/\/werentmarbella.com\/es\/wp-json\/wp\/v2\/comments?post=33400"}],"version-history":[{"count":1,"href":"https:\/\/werentmarbella.com\/es\/wp-json\/wp\/v2\/pages\/33400\/revisions"}],"predecessor-version":[{"id":33401,"href":"https:\/\/werentmarbella.com\/es\/wp-json\/wp\/v2\/pages\/33400\/revisions\/33401"}],"wp:attachment":[{"href":"https:\/\/werentmarbella.com\/es\/wp-json\/wp\/v2\/media?parent=33400"}],"curies":[{"name":"wp","href":"https:\/\/api.w.org\/{rel}","templated":true}]}}