{"id":33959,"date":"2023-06-22T21:13:34","date_gmt":"2023-06-22T21:13:34","guid":{"rendered":"https:\/\/werentmarbella.com\/gracias-por-suscribirte\/"},"modified":"2024-10-16T14:36:15","modified_gmt":"2024-10-16T14:36:15","slug":"gracias-por-suscribirte","status":"publish","type":"page","link":"https:\/\/werentmarbella.com\/es\/gracias-por-suscribirte\/","title":{"rendered":"\u00a1Gracias por suscribirte!"},"content":{"rendered":"\t\t<div data-elementor-type=\"wp-page\" data-elementor-id=\"33959\" class=\"elementor elementor-33959 elementor-19337\" data-elementor-post-type=\"page\">\n\t\t\t\t<div class=\"elementor-element elementor-element-9c12d47 e-flex e-con-boxed e-con e-parent\" data-id=\"9c12d47\" data-element_type=\"container\" data-e-type=\"container\" data-settings=\"{&quot;background_background&quot;:&quot;classic&quot;}\">\n\t\t\t\t\t<div class=\"e-con-inner\">\n\t\t\t\t<div class=\"elementor-element elementor-element-59ea185 elementor-widget elementor-widget-image\" data-id=\"59ea185\" data-element_type=\"widget\" data-e-type=\"widget\" data-widget_type=\"image.default\">\n\t\t\t\t\t\t\t\t\t\t\t\t\t\t\t<img fetchpriority=\"high\" decoding=\"async\" width=\"323\" height=\"253\" src=\"https:\/\/werentmarbella.com\/wp-content\/uploads\/2022\/02\/We-Rent-Marbella-Logo.svg\" class=\"attachment-full size-full wp-image-28385\" alt=\"\" title=\"\">\t\t\t\t\t\t\t\t\t\t\t\t\t\t\t<\/div>\n\t\t\t\t<div class=\"elementor-element elementor-element-ed2275f elementor-widget elementor-widget-heading\" data-id=\"ed2275f\" data-element_type=\"widget\" data-e-type=\"widget\" data-widget_type=\"heading.default\">\n\t\t\t\t\t<h3 class=\"elementor-heading-title elementor-size-default\">Mientras esperas nuestro pr\u00f3ximo bolet\u00edn, \u00bfpor qu\u00e9 no conectas con nosotros en las redes sociales? \u00danete a nuestra vibrante comunidad y mantente al d\u00eda de las \u00faltimas noticias y debates. <\/h3>\t\t\t\t<\/div>\n\t\t\t\t<div class=\"elementor-element elementor-element-8ddfe25 elementor-widget elementor-widget-button\" data-id=\"8ddfe25\" data-element_type=\"widget\" data-e-type=\"widget\" data-widget_type=\"button.default\">\n\t\t\t\t\t\t\t\t\t\t<a class=\"elementor-button elementor-button-link elementor-size-md\" href=\"https:\/\/werentmarbella.com\/es\/\">\n\t\t\t\t\t\t<span class=\"elementor-button-content-wrapper\">\n\t\t\t\t\t\t\t\t\t<span class=\"elementor-button-text\">VOLVER AL SITIO WEB<\/span>\n\t\t\t\t\t<\/span>\n\t\t\t\t\t<\/a>\n\t\t\t\t\t\t\t\t<\/div>\n\t\t\t\t\t<\/div>\n\t\t\t\t<\/div>\n\t\t\t\t<\/div>\n\t\t","protected":false},"excerpt":{"rendered":"<p>Mientras esperas nuestro pr\u00f3ximo bolet\u00edn, \u00bfpor qu\u00e9 no conectas con nosotros en las redes sociales? \u00danete a nuestra vibrante comunidad y mantente al d\u00eda de las \u00faltimas noticias y debates. VOLVER AL SITIO WEB<\/p>\n","protected":false},"author":1,"featured_media":0,"parent":0,"menu_order":0,"comment_status":"closed","ping_status":"closed","template":"elementor_canvas","meta":{"footnotes":""},"class_list":["post-33959","page","type-page","status-publish","hentry"],"_links":{"self":[{"href":"https:\/\/werentmarbella.com\/es\/wp-json\/wp\/v2\/pages\/33959","targetHints":{"allow":["GET"]}}],"collection":[{"href":"https:\/\/werentmarbella.com\/es\/wp-json\/wp\/v2\/pages"}],"about":[{"href":"https:\/\/werentmarbella.com\/es\/wp-json\/wp\/v2\/types\/page"}],"author":[{"embeddable":true,"href":"https:\/\/werentmarbella.com\/es\/wp-json\/wp\/v2\/users\/1"}],"replies":[{"embeddable":true,"href":"https:\/\/werentmarbella.com\/es\/wp-json\/wp\/v2\/comments?post=33959"}],"version-history":[{"count":1,"href":"https:\/\/werentmarbella.com\/es\/wp-json\/wp\/v2\/pages\/33959\/revisions"}],"predecessor-version":[{"id":33960,"href":"https:\/\/werentmarbella.com\/es\/wp-json\/wp\/v2\/pages\/33959\/revisions\/33960"}],"wp:attachment":[{"href":"https:\/\/werentmarbella.com\/es\/wp-json\/wp\/v2\/media?parent=33959"}],"curies":[{"name":"wp","href":"https:\/\/api.w.org\/{rel}","templated":true}]}}