{"id":35388,"date":"2020-02-18T11:55:58","date_gmt":"2020-02-18T11:55:58","guid":{"rendered":"https:\/\/werentmarbella.com\/agencias\/"},"modified":"2025-07-22T14:48:03","modified_gmt":"2025-07-22T14:48:03","slug":"agencias","status":"publish","type":"page","link":"https:\/\/werentmarbella.com\/es\/agencias\/","title":{"rendered":"Agencias"},"content":{"rendered":"\t\t<div data-elementor-type=\"wp-page\" data-elementor-id=\"35388\" class=\"elementor elementor-35388 elementor-58\" data-elementor-post-type=\"page\">\n\t\t\t\t<div class=\"elementor-element elementor-element-0153925 e-flex e-con-boxed e-con e-parent\" data-id=\"0153925\" data-element_type=\"container\" data-e-type=\"container\">\n\t\t\t\t\t<div class=\"e-con-inner\">\n\t\t\t\t<div class=\"elementor-element elementor-element-b1f8dc9 jet-breadcrumbs-align-center elementor-widget elementor-widget-jet-breadcrumbs\" data-id=\"b1f8dc9\" data-element_type=\"widget\" data-e-type=\"widget\" data-widget_type=\"jet-breadcrumbs.default\">\n\t\t\t\t<div class=\"elementor-widget-container\">\n\t\t\t\t\t<div class=\"elementor-jet-breadcrumbs jet-blocks\">\n\t\t<div class=\"jet-breadcrumbs\">\n\t\t<div class=\"jet-breadcrumbs__content\">\n\t\t<div class=\"jet-breadcrumbs__wrap\"><div class=\"jet-breadcrumbs__item\"><a href=\"https:\/\/werentmarbella.com\/es\/\" class=\"jet-breadcrumbs__item-link is-home\" rel=\"home\" title=\"We Rent Marbella\">We Rent Marbella<\/a><\/div>\n\t\t<\/div>\n\t\t<\/div>\n\t\t<\/div><\/div>\t\t\t\t<\/div>\n\t\t\t\t<\/div>\n\t\t\t\t<div class=\"elementor-element elementor-element-f246704 elementor-widget elementor-widget-heading\" data-id=\"f246704\" data-element_type=\"widget\" data-e-type=\"widget\" data-widget_type=\"heading.default\">\n\t\t\t\t\t<h1 class=\"elementor-heading-title elementor-size-default\">Agencias inmobiliarias y de alquiler en Marbella  <\/h1>\t\t\t\t<\/div>\n\t\t\t\t<div class=\"elementor-element elementor-element-3214069 elementor-widget elementor-widget-text-editor\" data-id=\"3214069\" data-element_type=\"widget\" data-e-type=\"widget\" data-widget_type=\"text-editor.default\">\n\t\t\t\t\t\t\t\t\t<p>\u00a1Bienvenido a nuestro directorio de Agencias Inmobiliarias y de Alquiler! Aqu\u00ed puedes mostrar tu agencia y conectar con clientes potenciales que buscan propiedades excepcionales en Marbella. Tanto si est\u00e1s especializado en alquileres de lujo, espacios comerciales o ventas residenciales, \u00e9sta es la plataforma perfecta para destacar tus servicios.  <\/p>\n\t\t\t\t\t\t\t\t<\/div>\n\t\t\t\t<div class=\"elementor-element elementor-element-3f9b8ca elementor-align-center elementor-widget__width-initial elementor-widget elementor-widget-button\" data-id=\"3f9b8ca\" data-element_type=\"widget\" data-e-type=\"widget\" data-widget_type=\"button.default\">\n\t\t\t\t\t\t\t\t\t\t<a class=\"elementor-button elementor-button-link elementor-size-sm\" href=\"#elementor-action%3Aaction%3Doff_canvas%3Aopen%26settings%3DeyJpZCI6ImJiNzdiYWMiLCJkaXNwbGF5TW9kZSI6Im9wZW4ifQ%3D%3D\">\n\t\t\t\t\t\t<span class=\"elementor-button-content-wrapper\">\n\t\t\t\t\t\t\t\t\t<span class=\"elementor-button-text\">A\u00f1ade tu agencia<\/span>\n\t\t\t\t\t<\/span>\n\t\t\t\t\t<\/a>\n\t\t\t\t\t\t\t\t<\/div>\n\t\t\t\t\t<\/div>\n\t\t\t\t<\/div>\n\t\t<div class=\"elementor-element elementor-element-d1281b0 e-flex e-con-boxed e-con e-parent\" data-id=\"d1281b0\" data-element_type=\"container\" data-e-type=\"container\" data-settings=\"{&quot;background_background&quot;:&quot;classic&quot;}\">\n\t\t\t\t\t<div class=\"e-con-inner\">\n\t\t\t\t<div class=\"elementor-element elementor-element-ef86a04 elementor-widget__width-initial elementor-widget elementor-widget-text-editor\" data-id=\"ef86a04\" data-element_type=\"widget\" data-e-type=\"widget\" data-widget_type=\"text-editor.default\">\n\t\t\t\t\t\t\t\t\t<p>Te invitamos a que env\u00edes tu agencia inmobiliaria o de alquiler a nuestro directorio. \u00a1Rellena el siguiente formulario para empezar! <\/p>\n\t\t\t\t\t\t\t\t<\/div>\n\t\t\t\t\t<\/div>\n\t\t\t\t<\/div>\n\t\t<div class=\"elementor-element elementor-element-b3d0ff2 e-flex e-con-boxed e-con e-parent\" data-id=\"b3d0ff2\" data-element_type=\"container\" data-e-type=\"container\">\n\t\t\t\t\t<div class=\"e-con-inner\">\n\t\t\t\t<div class=\"elementor-element elementor-element-120eaff elementor-widget elementor-widget-heading\" data-id=\"120eaff\" data-element_type=\"widget\" data-e-type=\"widget\" data-widget_type=\"heading.default\">\n\t\t\t\t\t<h2 class=\"elementor-heading-title elementor-size-default\">Agencias mejor valoradas en Marbella<\/h2>\t\t\t\t<\/div>\n\t\t\t\t<div class=\"elementor-element elementor-element-d718dc6 elementor-widget elementor-widget-text-editor\" data-id=\"d718dc6\" data-element_type=\"widget\" data-e-type=\"widget\" data-widget_type=\"text-editor.default\">\n\t\t\t\t\t\t\t\t\t<p><strong>Aqu\u00ed tienes algunas agencias de Marbella que gozan de buena reputaci\u00f3n por sus servicios:<\/strong><\/p>\n\t\t\t\t\t\t\t\t<\/div>\n\t\t\t\t<div class=\"elementor-element elementor-element-e31211d elementor-widget-divider--view-line elementor-widget elementor-widget-divider\" data-id=\"e31211d\" data-element_type=\"widget\" data-e-type=\"widget\" data-widget_type=\"divider.default\">\n\t\t\t\t\t\t\t<div class=\"elementor-divider\">\n\t\t\t<span class=\"elementor-divider-separator\">\n\t\t\t\t\t\t<\/span>\n\t\t<\/div>\n\t\t\t\t\t\t<\/div>\n\t\t\t\t<div class=\"elementor-element elementor-element-8ea1081 elementor-widget elementor-widget-jet-listing-grid\" data-id=\"8ea1081\" data-element_type=\"widget\" data-e-type=\"widget\" data-settings=\"{&quot;columns&quot;:3}\" data-widget_type=\"jet-listing-grid.default\">\n\t\t\t\t\t<div class=\"jet-listing-grid jet-listing\"><div class=\"jet-listing-not-found jet-listing-grid__items\" data-nav=\"{&quot;enabled&quot;:false,&quot;type&quot;:null,&quot;more_el&quot;:null,&quot;query&quot;:[],&quot;widget_settings&quot;:{&quot;lisitng_id&quot;:33317,&quot;posts_num&quot;:12,&quot;columns&quot;:3,&quot;columns_tablet&quot;:3,&quot;columns_mobile&quot;:3,&quot;column_min_width&quot;:240,&quot;column_min_width_tablet&quot;:240,&quot;column_min_width_mobile&quot;:240,&quot;inline_columns_css&quot;:false,&quot;is_archive_template&quot;:&quot;&quot;,&quot;post_status&quot;:[&quot;publish&quot;],&quot;use_random_posts_num&quot;:&quot;&quot;,&quot;max_posts_num&quot;:9,&quot;not_found_message&quot;:&quot;No se encontraron datos&quot;,&quot;is_masonry&quot;:false,&quot;equal_columns_height&quot;:&quot;&quot;,&quot;use_load_more&quot;:&quot;&quot;,&quot;load_more_id&quot;:&quot;&quot;,&quot;load_more_type&quot;:&quot;click&quot;,&quot;load_more_offset&quot;:{&quot;unit&quot;:&quot;px&quot;,&quot;size&quot;:0,&quot;sizes&quot;:[]},&quot;use_custom_post_types&quot;:&quot;&quot;,&quot;custom_post_types&quot;:[],&quot;hide_widget_if&quot;:&quot;&quot;,&quot;carousel_enabled&quot;:&quot;&quot;,&quot;slides_to_scroll&quot;:&quot;1&quot;,&quot;arrows&quot;:&quot;true&quot;,&quot;arrow_icon&quot;:&quot;fa fa-angle-left&quot;,&quot;dots&quot;:&quot;&quot;,&quot;autoplay&quot;:&quot;true&quot;,&quot;pause_on_hover&quot;:&quot;true&quot;,&quot;autoplay_speed&quot;:5000,&quot;infinite&quot;:&quot;true&quot;,&quot;center_mode&quot;:&quot;&quot;,&quot;effect&quot;:&quot;slide&quot;,&quot;speed&quot;:500,&quot;inject_alternative_items&quot;:&quot;&quot;,&quot;injection_items&quot;:[],&quot;scroll_slider_enabled&quot;:&quot;&quot;,&quot;scroll_slider_on&quot;:[&quot;desktop&quot;,&quot;tablet&quot;,&quot;mobile&quot;],&quot;custom_query&quot;:false,&quot;custom_query_id&quot;:&quot;&quot;,&quot;_element_id&quot;:&quot;&quot;,&quot;collapse_first_last_gap&quot;:false,&quot;list_tag_selection&quot;:&quot;&quot;,&quot;list_items_wrapper_tag&quot;:&quot;div&quot;,&quot;list_item_tag&quot;:&quot;div&quot;,&quot;empty_items_wrapper_tag&quot;:&quot;div&quot;}}\" data-listing-source=\"posts\" data-listing-id=\"33317\" data-query-id=\"\" data-queried-id=\"35388|WP_Post\">No se encontraron datos<\/div><\/div>\t\t\t\t<\/div>\n\t\t\t\t<div class=\"elementor-element elementor-element-d2fcc13 elementor-widget elementor-widget-text-editor\" data-id=\"d2fcc13\" data-element_type=\"widget\" data-e-type=\"widget\" data-widget_type=\"text-editor.default\">\n\t\t\t\t\t\t\t\t\t<ol>\n<li>\n<h3><span style=\"color: #000000;\"><strong>Engel &amp; V\u00f6lkers Marbella<\/strong><\/span><\/h3>\n<p>Conocida por sus propiedades de alta gama y su red mundial, Engel &amp; V\u00f6lkers ofrece una amplia gama de opciones inmobiliarias de lujo y servicios personalizados.<\/p>\n<\/li>\n<li>\n<h3><span style=\"color: #000000;\"><strong>Swish Marbella<\/strong><\/span><\/h3>\n<p>Swish Marbella es una agencia inmobiliaria de primer orden en la zona, especializada en alquileres vacacionales de lujo. Se centran en propiedades de gama alta, ofreciendo una gama de villas y apartamentos. <\/p>\n<\/li>\n<li>\n<h3><strong><span style=\"color: #000000;\">Savills Marbella<\/span><br \/><\/strong><\/h3>\n<p>Savills, que forma parte de un grupo inmobiliario mundial, ofrece una visi\u00f3n completa del mercado y una amplia cartera de casas, villas y apartamentos de lujo.<\/p>\n<\/li>\n<li>\n<h3><span style=\"color: #000000;\"><strong>Coldwell Banker Marbella<\/strong><\/span><\/h3>\n<p>Esta agencia es conocida por sus amplios listados y su experto conocimiento local, y atiende tanto a compradores como a vendedores en el mercado del lujo.<\/p>\n<\/li>\n<li>\n<h3><span style=\"color: #000000;\"><strong>Marbella Inmobiliaria<\/strong><\/span><\/h3>\n<p>Establecidos en la regi\u00f3n desde hace m\u00e1s de 30 a\u00f1os, ofrecen servicios personalizados y se centran mucho en la satisfacci\u00f3n del cliente.<\/p>\n<\/li>\n<li>\n<h3><span style=\"color: #000000;\"><strong>Fine &amp; Country Marbella<\/strong><\/span><\/h3>\n<p>Especializada en propiedades de gama alta, Fine &amp; Country proporciona asesoramiento experto y tiene una fuerte presencia comercial en el mercado de lujo.<\/p>\n<\/li>\n<li>\n<h3><span style=\"color: #000000;\"><strong>El Grupo Inmobiliario<\/strong><\/span><\/h3>\n<p>Una agencia muy respetada, centrada en el servicio personalizado y con una cartera diversa, que se adapta a distintos presupuestos y gustos.<\/p>\n<\/li>\n<li>\n<h3><span style=\"color: #000000;\"><strong>Chalets y fincas<\/strong><\/span><\/h3>\n<p>Especializada en propiedades \u00fanicas y lujosas, esta agencia es conocida por su profundo conocimiento local y sus s\u00f3lidas relaciones con los clientes.<\/p>\n<\/li>\n<li>\n<h3><span style=\"color: #000000;\"><strong>Fincas de lujo Marbella<\/strong><\/span><\/h3>\n<p>Centrada en propiedades de alto valor, esta agencia hace hincapi\u00e9 en un servicio a medida para clientes que buscan viviendas exclusivas.<\/p>\n<\/li>\n<\/ol>\n\t\t\t\t\t\t\t\t<\/div>\n\t\t\t\t<div class=\"elementor-element elementor-element-61b1871 elementor-widget elementor-widget-text-editor\" data-id=\"61b1871\" data-element_type=\"widget\" data-e-type=\"widget\" data-widget_type=\"text-editor.default\">\n\t\t\t\t\t\t\t\t\t<p><strong>Antes de elegir una agencia, es una buena idea leer opiniones, comprobar sus listados actuales y considerar tus necesidades y preferencias espec\u00edficas.<\/strong><\/p>\n\t\t\t\t\t\t\t\t<\/div>\n\t\t\t\t\t<\/div>\n\t\t\t\t<\/div>\n\t\t<div class=\"elementor-element elementor-element-ee3b7ba e-flex e-con-boxed e-con e-parent\" data-id=\"ee3b7ba\" data-element_type=\"container\" data-e-type=\"container\">\n\t\t\t\t\t<div class=\"e-con-inner\">\n\t\t\t\t<div class=\"elementor-element elementor-element-dc10d73 elementor-widget elementor-widget-text-editor\" data-id=\"dc10d73\" data-element_type=\"widget\" data-e-type=\"widget\" data-widget_type=\"text-editor.default\">\n\t\t\t\t\t\t\t\t\t<h3>Factores a tener en cuenta al elegir una agencia inmobiliaria:<\/h3>\n<p><strong>Experiencia y reputaci\u00f3n:<\/strong> Busca agencias con un historial probado y cr\u00edticas positivas.<\/p>\n<p><strong>Variedad de propiedades:<\/strong> Aseg\u00farate de que la agencia ofrece una variedad de propiedades que se ajusten a tus preferencias.<\/p>\n<p><strong>Conocimiento local:<\/strong> Elige una agencia con un profundo conocimiento del mercado de Marbella.<\/p>\n<p><strong>Servicios prestados:<\/strong> Considera los servicios adicionales ofrecidos, como la gesti\u00f3n de la propiedad y la asistencia jur\u00eddica.<\/p>\n<p><strong>Comunicaci\u00f3n y atenci\u00f3n al cliente:<\/strong> Busca una agencia que ofrezca una comunicaci\u00f3n y un servicio al cliente excelentes.<\/p>\n<p>Trabajando con una agencia inmobiliaria de confianza en Marbella, podr\u00e1s encontrar el alquiler o la compra perfecta que se adapte a tu estilo de vida y disfrutar de todo lo que esta hermosa ciudad tiene que ofrecer.<\/p>\n<p>\u00bfQuieres informaci\u00f3n m\u00e1s espec\u00edfica sobre opciones de alquiler o compra en Marbella?<\/p>\n\t\t\t\t\t\t\t\t<\/div>\n\t\t\t\t\t<\/div>\n\t\t\t\t<\/div>\n\t\t<div class=\"elementor-element elementor-element-8d64608 e-flex e-con-boxed e-con e-parent\" data-id=\"8d64608\" data-element_type=\"container\" data-e-type=\"container\" data-settings=\"{&quot;background_background&quot;:&quot;classic&quot;}\">\n\t\t\t\t\t<div class=\"e-con-inner\">\n\t\t\t\t<div class=\"elementor-element elementor-element-0999766 elementor-widget__width-initial elementor-widget elementor-widget-heading\" data-id=\"0999766\" data-element_type=\"widget\" data-e-type=\"widget\" data-widget_type=\"heading.default\">\n\t\t\t\t\t<h4 class=\"elementor-heading-title elementor-size-default\">\u00bfListo para elevar la presencia de tu agencia? \u00danete hoy mismo a nuestra comunidad de agencias mejor valoradas y llega a un p\u00fablico m\u00e1s amplio. <\/h4>\t\t\t\t<\/div>\n\t\t\t\t<div class=\"elementor-element elementor-element-d7dd800 elementor-align-center elementor-widget elementor-widget-button\" data-id=\"d7dd800\" data-element_type=\"widget\" data-e-type=\"widget\" data-widget_type=\"button.default\">\n\t\t\t\t\t\t\t\t\t\t<a class=\"elementor-button elementor-button-link elementor-size-sm\" href=\"#elementor-action%3Aaction%3Doff_canvas%3Aopen%26settings%3DeyJpZCI6ImJiNzdiYWMiLCJkaXNwbGF5TW9kZSI6Im9wZW4ifQ%3D%3D\">\n\t\t\t\t\t\t<span class=\"elementor-button-content-wrapper\">\n\t\t\t\t\t\t\t\t\t<span class=\"elementor-button-text\">Env\u00eda tu agencia<\/span>\n\t\t\t\t\t<\/span>\n\t\t\t\t\t<\/a>\n\t\t\t\t\t\t\t\t<\/div>\n\t\t\t\t\t<\/div>\n\t\t\t\t<\/div>\n\t\t<div class=\"elementor-element elementor-element-b5eb0b3 e-flex e-con-boxed e-con e-parent\" data-id=\"b5eb0b3\" data-element_type=\"container\" data-e-type=\"container\">\n\t\t\t\t\t<div class=\"e-con-inner\">\n\t\t\t\t<div class=\"elementor-element elementor-element-bb77bac elementor-widget elementor-widget-off-canvas\" data-id=\"bb77bac\" data-element_type=\"widget\" data-e-type=\"widget\" data-widget_type=\"off-canvas.default\">\n\t\t\t\t\t\t\t<div id=\"off-canvas-bb77bac\" class=\"e-off-canvas\" role=\"dialog\" aria-hidden=\"true\" aria-label=\"Agency Inquiry Form Off-Canvas\" aria-modal=\"true\" inert=\"\" data-delay-child-handlers=\"true\">\n\t\t\t<div class=\"e-off-canvas__overlay\"><\/div>\n\t\t\t<div class=\"e-off-canvas__main\">\n\t\t\t\t<div class=\"e-off-canvas__content\">\n\t\t\t\t\t<div class=\"elementor-element elementor-element-4a017f3 e-con-full e-flex e-con e-child\" data-id=\"4a017f3\" data-element_type=\"container\" data-e-type=\"container\" data-settings=\"{&quot;background_background&quot;:&quot;classic&quot;}\">\n\t\t\t\t<div class=\"elementor-element elementor-element-e87e532 elementor-widget elementor-widget-heading\" data-id=\"e87e532\" data-element_type=\"widget\" data-e-type=\"widget\" data-widget_type=\"heading.default\">\n\t\t\t\t\t<h2 class=\"elementor-heading-title elementor-size-default\">Rellena todos los campos obligatorios  <\/h2>\t\t\t\t<\/div>\n\t\t\t\t<div class=\"elementor-element elementor-element-8d4046b elementor-button-align-stretch elementor-widget elementor-widget-form\" data-id=\"8d4046b\" data-element_type=\"widget\" data-e-type=\"widget\" data-settings=\"{&quot;step_next_label&quot;:&quot;Siguiente&quot;,&quot;step_previous_label&quot;:&quot;Anterior&quot;,&quot;button_width&quot;:&quot;100&quot;,&quot;step_type&quot;:&quot;number_text&quot;,&quot;step_icon_shape&quot;:&quot;circle&quot;}\" data-widget_type=\"form.default\">\n\t\t\t\t\t\t\t<form class=\"elementor-form\" method=\"post\" name=\"Ventana emergente del formulario de consulta de la agencia  \" aria-label=\"Ventana emergente del formulario de consulta de la agencia  \">\n\t\t\t<input type=\"hidden\" name=\"post_id\" value=\"35388\"\/>\n\t\t\t<input type=\"hidden\" name=\"form_id\" value=\"8d4046b\"\/>\n\t\t\t<input type=\"hidden\" name=\"referer_title\" value=\"\" \/>\n\n\t\t\t\n\t\t\t<div class=\"elementor-form-fields-wrapper elementor-labels-above\">\n\t\t\t\t\t\t\t\t<div class=\"elementor-field-type-text elementor-field-group elementor-column elementor-field-group-name elementor-col-100 elementor-field-required\">\n\t\t\t\t\t\t\t\t\t\t\t\t<label for=\"form-field-name\" class=\"elementor-field-label\">\n\t\t\t\t\t\t\t\tNombre del agente\t\t\t\t\t\t\t<\/label>\n\t\t\t\t\t\t\t\t\t\t\t\t\t\t<input size=\"1\" type=\"text\" name=\"form_fields[name]\" id=\"form-field-name\" class=\"elementor-field elementor-size-sm  elementor-field-textual\" placeholder=\"Nombre\" required=\"required\">\n\t\t\t\t\t\t\t\t\t\t\t<\/div>\n\t\t\t\t\t\t\t\t<div class=\"elementor-field-type-email elementor-field-group elementor-column elementor-field-group-email elementor-col-100 elementor-field-required\">\n\t\t\t\t\t\t\t\t\t\t\t\t<label for=\"form-field-email\" class=\"elementor-field-label\">\n\t\t\t\t\t\t\t\tCorreo electr\u00f3nico del agente\t\t\t\t\t\t\t<\/label>\n\t\t\t\t\t\t\t\t\t\t\t\t\t\t<input size=\"1\" type=\"email\" name=\"form_fields[email]\" id=\"form-field-email\" class=\"elementor-field elementor-size-sm  elementor-field-textual\" placeholder=\"Correo electr\u00f3nico\" required=\"required\">\n\t\t\t\t\t\t\t\t\t\t\t<\/div>\n\t\t\t\t\t\t\t\t<div class=\"elementor-field-type-url elementor-field-group elementor-column elementor-field-group-field_agency elementor-col-100 elementor-field-required\">\n\t\t\t\t\t\t\t\t\t\t\t\t<label for=\"form-field-field_agency\" class=\"elementor-field-label\">\n\t\t\t\t\t\t\t\tSitio web de la Agencia\t\t\t\t\t\t\t<\/label>\n\t\t\t\t\t\t\t\t\t\t\t\t\t\t<input size=\"1\" type=\"url\" name=\"form_fields[field_agency]\" id=\"form-field-field_agency\" class=\"elementor-field elementor-size-sm  elementor-field-textual\" placeholder=\"https:\/\/agencywebsite.com\" required=\"required\">\n\t\t\t\t\t\t\t\t\t\t\t<\/div>\n\t\t\t\t\t\t\t\t<div class=\"elementor-field-type-textarea elementor-field-group elementor-column elementor-field-group-message elementor-col-100\">\n\t\t\t\t\t\t\t\t\t\t\t\t<label for=\"form-field-message\" class=\"elementor-field-label\">\n\t\t\t\t\t\t\t\tMensaje\t\t\t\t\t\t\t<\/label>\n\t\t\t\t\t\t<textarea class=\"elementor-field-textual elementor-field  elementor-size-sm\" name=\"form_fields[message]\" id=\"form-field-message\" rows=\"2\" placeholder=\"Mensaje\"><\/textarea>\t\t\t\t<\/div>\n\t\t\t\t\t\t\t\t<div class=\"elementor-field-type-text\">\n\t\t\t\t\t<input size=\"1\" type=\"text\" name=\"form_fields[field_7a07a47]\" id=\"form-field-field_7a07a47\" class=\"elementor-field elementor-size-sm \" style=\"display:none !important;\">\t\t\t\t<\/div>\n\t\t\t\t\t\t\t\t<div class=\"elementor-field-type-checkbox elementor-field-group elementor-column elementor-field-group-field_c8f765f elementor-col-100\">\n\t\t\t\t\t\t\t\t\t\t\t\t<label for=\"form-field-field_c8f765f\" class=\"elementor-field-label\">\n\t\t\t\t\t\t\t\tServicios\t\t\t\t\t\t\t<\/label>\n\t\t\t\t\t\t<div class=\"elementor-field-subgroup  \"><span class=\"elementor-field-option\"><input type=\"checkbox\" value=\"alquilar Vender\" id=\"form-field-field_c8f765f-0\" name=\"form_fields[field_c8f765f]\"> <label for=\"form-field-field_c8f765f-0\">Alquilar<\/label><\/span><\/div>\t\t\t\t<\/div>\n\t\t\t\t\t\t\t\t<div class=\"elementor-field-group elementor-column elementor-field-type-submit elementor-col-100 e-form__buttons\">\n\t\t\t\t\t<button class=\"elementor-button elementor-size-sm\" type=\"submit\">\n\t\t\t\t\t\t<span class=\"elementor-button-content-wrapper\">\n\t\t\t\t\t\t\t\t\t\t\t\t\t\t\t\t\t\t\t\t\t\t<span class=\"elementor-button-text\">Enviar solicitud  <\/span>\n\t\t\t\t\t\t\t\t\t\t\t\t\t<\/span>\n\t\t\t\t\t<\/button>\n\t\t\t\t<\/div>\n\t\t\t<\/div>\n\t\t<\/form>\n\t\t\t\t\t\t<\/div>\n\t\t\t\t<\/div>\n\t\t\t\t\t\t<\/div>\n\t\t\t<\/div>\n\t\t<\/div>\n\t\t\t\t\t\t<\/div>\n\t\t\t\t\t<\/div>\n\t\t\t\t<\/div>\n\t\t\t\t<\/div>\n\t\t","protected":false},"excerpt":{"rendered":"<p>We Rent Marbella Agencias inmobiliarias y de alquiler en Marbella \u00a1Bienvenido a nuestro directorio de Agencias Inmobiliarias y de Alquiler! Aqu\u00ed puedes mostrar tu agencia y conectar con clientes potenciales que buscan propiedades excepcionales en Marbella. Tanto si est\u00e1s especializado en alquileres de lujo, espacios comerciales o ventas residenciales, \u00e9sta es la plataforma perfecta para [&hellip;]<\/p>\n","protected":false},"author":1,"featured_media":0,"parent":0,"menu_order":0,"comment_status":"open","ping_status":"closed","template":"elementor_header_footer","meta":{"footnotes":""},"class_list":["post-35388","page","type-page","status-publish","hentry"],"_links":{"self":[{"href":"https:\/\/werentmarbella.com\/es\/wp-json\/wp\/v2\/pages\/35388","targetHints":{"allow":["GET"]}}],"collection":[{"href":"https:\/\/werentmarbella.com\/es\/wp-json\/wp\/v2\/pages"}],"about":[{"href":"https:\/\/werentmarbella.com\/es\/wp-json\/wp\/v2\/types\/page"}],"author":[{"embeddable":true,"href":"https:\/\/werentmarbella.com\/es\/wp-json\/wp\/v2\/users\/1"}],"replies":[{"embeddable":true,"href":"https:\/\/werentmarbella.com\/es\/wp-json\/wp\/v2\/comments?post=35388"}],"version-history":[{"count":4,"href":"https:\/\/werentmarbella.com\/es\/wp-json\/wp\/v2\/pages\/35388\/revisions"}],"predecessor-version":[{"id":35926,"href":"https:\/\/werentmarbella.com\/es\/wp-json\/wp\/v2\/pages\/35388\/revisions\/35926"}],"wp:attachment":[{"href":"https:\/\/werentmarbella.com\/es\/wp-json\/wp\/v2\/media?parent=35388"}],"curies":[{"name":"wp","href":"https:\/\/api.w.org\/{rel}","templated":true}]}}