{"id":30154,"date":"2020-02-24T22:15:15","date_gmt":"2020-02-24T22:15:15","guid":{"rendered":"https:\/\/werentmarbella.com\/o-nama\/"},"modified":"2024-11-06T17:22:56","modified_gmt":"2024-11-06T17:22:56","slug":"o-nama","status":"publish","type":"page","link":"https:\/\/werentmarbella.com\/sr\/o-nama\/","title":{"rendered":"O nama"},"content":{"rendered":"\t\t<div data-elementor-type=\"wp-page\" data-elementor-id=\"30154\" class=\"elementor elementor-30154 elementor-16650\" data-elementor-post-type=\"page\">\n\t\t\t\t<div class=\"elementor-element elementor-element-c97c035 e-flex e-con-boxed e-con e-parent\" data-id=\"c97c035\" data-element_type=\"container\" data-e-type=\"container\" data-settings=\"{&quot;background_background&quot;:&quot;classic&quot;}\">\n\t\t\t\t\t<div class=\"e-con-inner\">\n\t\t\t\t<div class=\"elementor-element elementor-element-f90476a jet-breadcrumbs-page-title-yes jet-breadcrumbs-align-center animated-slow elementor-invisible elementor-widget elementor-widget-jet-breadcrumbs\" data-id=\"f90476a\" data-element_type=\"widget\" data-e-type=\"widget\" data-settings=\"{&quot;_animation&quot;:&quot;fadeIn&quot;}\" data-widget_type=\"jet-breadcrumbs.default\">\n\t\t\t\t<div class=\"elementor-widget-container\">\n\t\t\t\t\t<div class=\"elementor-jet-breadcrumbs jet-blocks\">\n\t\t<div class=\"jet-breadcrumbs\">\n\t\t<div class=\"jet-breadcrumbs__content\">\n\t\t<div class=\"jet-breadcrumbs__wrap\"><div class=\"jet-breadcrumbs__item\"><a href=\"https:\/\/werentmarbella.com\/sr\/\" class=\"jet-breadcrumbs__item-link is-home\" rel=\"home\" title=\"Po\u010detna\">Po\u010detna<\/a><\/div>\n\t\t<\/div>\n\t\t<\/div>\n\t\t<\/div><\/div>\t\t\t\t<\/div>\n\t\t\t\t<\/div>\n\t\t\t\t\t<\/div>\n\t\t\t\t<\/div>\n\t\t<div class=\"elementor-element elementor-element-a8a01f3 e-con-full e-flex e-con e-parent\" data-id=\"a8a01f3\" data-element_type=\"container\" data-e-type=\"container\" data-settings=\"{&quot;background_background&quot;:&quot;classic&quot;}\">\n\t\t\t\t<\/div>\n\t\t<div class=\"elementor-element elementor-element-92bbb7c e-flex e-con-boxed e-con e-parent\" data-id=\"92bbb7c\" data-element_type=\"container\" data-e-type=\"container\" data-settings=\"{&quot;background_background&quot;:&quot;classic&quot;}\">\n\t\t\t\t\t<div class=\"e-con-inner\">\n\t\t<div class=\"elementor-element elementor-element-5ef6a45 e-con-full e-flex e-con e-child\" data-id=\"5ef6a45\" data-element_type=\"container\" data-e-type=\"container\" data-settings=\"{&quot;background_background&quot;:&quot;classic&quot;}\">\n\t\t\t\t<div class=\"elementor-element elementor-element-4580bd1 elementor-widget elementor-widget-heading\" data-id=\"4580bd1\" data-element_type=\"widget\" data-e-type=\"widget\" data-widget_type=\"heading.default\">\n\t\t\t\t\t<p class=\"elementor-heading-title elementor-size-default\">Na\u0161a pri\u010da<\/p>\t\t\t\t<\/div>\n\t\t\t\t<div class=\"elementor-element elementor-element-4d6126a elementor-widget__width-inherit elementor-widget elementor-widget-heading\" data-id=\"4d6126a\" data-element_type=\"widget\" data-e-type=\"widget\" data-widget_type=\"heading.default\">\n\t\t\t\t\t<h2 class=\"elementor-heading-title elementor-size-default\">We Rent Marbella - Va\u0161a kapija do nezaboravnih iskustava na Costa del Sol-u!\n\n<\/h2>\t\t\t\t<\/div>\n\t\t\t\t<div class=\"elementor-element elementor-element-8ae1d10 elementor-widget elementor-widget-spacer\" data-id=\"8ae1d10\" data-element_type=\"widget\" data-e-type=\"widget\" data-widget_type=\"spacer.default\">\n\t\t\t\t\t\t\t<div class=\"elementor-spacer\">\n\t\t\t<div class=\"elementor-spacer-inner\"><\/div>\n\t\t<\/div>\n\t\t\t\t\t\t<\/div>\n\t\t\t\t<div class=\"elementor-element elementor-element-768d36f elementor-widget elementor-widget-text-editor\" data-id=\"768d36f\" data-element_type=\"widget\" data-e-type=\"widget\" data-widget_type=\"text-editor.default\">\n\t\t\t\t\t\t\t\t\t<p>Iskusite vrhunsku personalizovanu uslugu jer na\u0161 posvec\u0301eni tim ide iznad i dalje da zadovolji sve va\u0161e potrebe. Od trenutka kada stignete, trudimo se da nadma\u0161imo Va\u0161a o\u010dekivanja, obezbe\u0111ujuc\u0301i besprekoran i nezaboravan odmor. Na\u0161i lokalni stru\u010dnjaci su vam na raspolaganju, spremni da vas provedu kroz \u017eivahni grad Marbelju i pomognu u organizovanju iskustava po meri koja odgovaraju va\u0161im \u017eeljama.<\/p>\n<p>Sa \u201eWe Rent Marbella\u201c, imac\u0301ete pristup najtra\u017eenijim lokacijama, osiguravajuc\u0301i da nikada nec\u0301ete biti daleko od blistavog Sredozemnog mora, netaknutih pla\u017ea, golf terena svetske klase i \u017eivahne atmosfere po kojoj je Marbelja poznata .<\/p>\n<p>Pregledajte na\u0161u ru\u010dno odabranu kolekciju izuzetnih nekretnina, od kojih svaka nudi neuporedive pogodnosti, pogled koji oduzima dah i najvec\u0301u privatnost. Bilo da tra\u017eite romanti\u010dni odmor, porodi\u010dno uto\u010di\u0161te ili luksuzan korporativni boravak, mi imamo savr\u0161en sme\u0161taj koji c\u0301e zadovoljiti va\u0161e \u017eelje.<\/p>\n<p>Prepustite se finijim stvarima u \u017eivotu i uronite u \u017eivu kulturu, izuzetnu kuhinju i uzbudljive aktivnosti koje Marbelja mo\u017ee da ponudi. Od restorana sa Michelinovim zvezdicama do luksuznih \u0161opinga, od sportova na vodi do mirnih banja, Marbelja ispunjava svaki hir i \u017eelju.<\/p>\n\t\t\t\t\t\t\t\t<\/div>\n\t\t\t\t<div class=\"elementor-element elementor-element-5e0fd5f elementor-widget-divider--view-line elementor-widget elementor-widget-divider\" data-id=\"5e0fd5f\" data-element_type=\"widget\" data-e-type=\"widget\" data-widget_type=\"divider.default\">\n\t\t\t\t\t\t\t<div class=\"elementor-divider\">\n\t\t\t<span class=\"elementor-divider-separator\">\n\t\t\t\t\t\t<\/span>\n\t\t<\/div>\n\t\t\t\t\t\t<\/div>\n\t\t\t\t<div class=\"elementor-element elementor-element-71e1be5 elementor-widget elementor-widget-text-editor\" data-id=\"71e1be5\" data-element_type=\"widget\" data-e-type=\"widget\" data-widget_type=\"text-editor.default\">\n\t\t\t\t\t\t\t\t\t<p>Otkrijte oli\u010denje luksuza i udobnosti uz \u201eWe Rent Marbella\u201c. Kao vrhunska agencija za iznajmljivanje odmora u Marbelji, nudimo neuporediv izbor izuzetnih nekretnina, osiguravajuc\u0301i izvanredan boravak u ovom o\u010daravajuc\u0301em primorskom raju.<\/p>\n<p>Uronite u na\u0161 portfolio <a href=\"https:\/\/werentmarbella.com\/property-type\/villa\/\">zapanjujuc\u0301ih vila<\/a>, elegantnih <a href=\"https:\/\/werentmarbella.com\/property-type\/apartment\/\">apartmana<\/a> i ekskluzivnih rezidencija na pla\u017ei. Svaka pomno kurirana nekretnina oli\u010dava su\u0161tinu rasko\u0161i, pru\u017eajuc\u0301i uto\u010di\u0161te gde se mo\u017eete opustiti i stvoriti drage uspomene sa svojim najmilijima.<\/p>\n\t\t\t\t\t\t\t\t<\/div>\n\t\t\t\t<div class=\"elementor-element elementor-element-ea18677 elementor-grid-4 elementor-posts--thumbnail-none elementor-posts--align-center elementor-widget__width-inherit elementor-grid-tablet-2 elementor-grid-mobile-1 elementor-widget elementor-widget-posts\" data-id=\"ea18677\" data-element_type=\"widget\" data-e-type=\"widget\" data-settings=\"{&quot;classic_columns&quot;:&quot;4&quot;,&quot;classic_row_gap&quot;:{&quot;unit&quot;:&quot;px&quot;,&quot;size&quot;:20,&quot;sizes&quot;:[]},&quot;classic_columns_tablet&quot;:&quot;2&quot;,&quot;classic_columns_mobile&quot;:&quot;1&quot;,&quot;classic_row_gap_tablet&quot;:{&quot;unit&quot;:&quot;px&quot;,&quot;size&quot;:&quot;&quot;,&quot;sizes&quot;:[]},&quot;classic_row_gap_mobile&quot;:{&quot;unit&quot;:&quot;px&quot;,&quot;size&quot;:&quot;&quot;,&quot;sizes&quot;:[]}}\" data-widget_type=\"posts.classic\">\n\t\t\t\t<div class=\"elementor-widget-container\">\n\t\t\t\t\t\t\t<div class=\"elementor-posts-container elementor-posts elementor-posts--skin-classic elementor-grid\" role=\"list\">\n\t\t\t\t<article class=\"elementor-post elementor-grid-item post-33398 page type-page status-publish has-post-thumbnail hentry\" role=\"listitem\">\n\t\t\t\t<div class=\"elementor-post__text\">\n\t\t\t\t<h3 class=\"elementor-post__title\">\n\t\t\t<a href=\"https:\/\/werentmarbella.com\/sr\/odmor-marbella\/\" >\n\t\t\t\tOdmor Marbella\t\t\t<\/a>\n\t\t<\/h3>\n\t\t\t\t<\/div>\n\t\t\t\t<\/article>\n\t\t\t\t<article class=\"elementor-post elementor-grid-item post-30171 page type-page status-publish hentry\" role=\"listitem\">\n\t\t\t\t<div class=\"elementor-post__text\">\n\t\t\t\t<h3 class=\"elementor-post__title\">\n\t\t\t<a href=\"https:\/\/werentmarbella.com\/sr\/vreme-u-marbelji\/\" >\n\t\t\t\tVreme u Marbelji\t\t\t<\/a>\n\t\t<\/h3>\n\t\t\t\t<\/div>\n\t\t\t\t<\/article>\n\t\t\t\t<article class=\"elementor-post elementor-grid-item post-30159 page type-page status-publish has-post-thumbnail hentry\" role=\"listitem\">\n\t\t\t\t<div class=\"elementor-post__text\">\n\t\t\t\t<h3 class=\"elementor-post__title\">\n\t\t\t<a href=\"https:\/\/werentmarbella.com\/sr\/jeftini-letovi-za-malagu\/\" >\n\t\t\t\tJeftini letovi za Malagu\t\t\t<\/a>\n\t\t<\/h3>\n\t\t\t\t<\/div>\n\t\t\t\t<\/article>\n\t\t\t\t<article class=\"elementor-post elementor-grid-item post-30189 page type-page status-publish has-post-thumbnail hentry\" role=\"listitem\">\n\t\t\t\t<div class=\"elementor-post__text\">\n\t\t\t\t<h3 class=\"elementor-post__title\">\n\t\t\t<a href=\"https:\/\/werentmarbella.com\/sr\/lokacije\/\" >\n\t\t\t\tLokacije\t\t\t<\/a>\n\t\t<\/h3>\n\t\t\t\t<\/div>\n\t\t\t\t<\/article>\n\t\t\t\t<\/div>\n\t\t\n\t\t\t\t\t\t<\/div>\n\t\t\t\t<\/div>\n\t\t\t\t<div class=\"elementor-element elementor-element-2043298 elementor-view-default elementor-position-block-start elementor-mobile-position-block-start elementor-widget elementor-widget-icon-box\" data-id=\"2043298\" data-element_type=\"widget\" data-e-type=\"widget\" data-widget_type=\"icon-box.default\">\n\t\t\t\t\t\t\t<div class=\"elementor-icon-box-wrapper\">\n\n\t\t\t\t\t\t<div class=\"elementor-icon-box-icon\">\n\t\t\t\t<span  class=\"elementor-icon\">\n\t\t\t\t<svg aria-hidden=\"true\" class=\"e-font-icon-svg e-far-comments\" viewBox=\"0 0 576 512\" xmlns=\"http:\/\/www.w3.org\/2000\/svg\"><path d=\"M532 386.2c27.5-27.1 44-61.1 44-98.2 0-80-76.5-146.1-176.2-157.9C368.3 72.5 294.3 32 208 32 93.1 32 0 103.6 0 192c0 37 16.5 71 44 98.2-15.3 30.7-37.3 54.5-37.7 54.9-6.3 6.7-8.1 16.5-4.4 25 3.6 8.5 12 14 21.2 14 53.5 0 96.7-20.2 125.2-38.8 9.2 2.1 18.7 3.7 28.4 4.9C208.1 407.6 281.8 448 368 448c20.8 0 40.8-2.4 59.8-6.8C456.3 459.7 499.4 480 553 480c9.2 0 17.5-5.5 21.2-14 3.6-8.5 1.9-18.3-4.4-25-.4-.3-22.5-24.1-37.8-54.8zm-392.8-92.3L122.1 305c-14.1 9.1-28.5 16.3-43.1 21.4 2.7-4.7 5.4-9.7 8-14.8l15.5-31.1L77.7 256C64.2 242.6 48 220.7 48 192c0-60.7 73.3-112 160-112s160 51.3 160 112-73.3 112-160 112c-16.5 0-33-1.9-49-5.6l-19.8-4.5zM498.3 352l-24.7 24.4 15.5 31.1c2.6 5.1 5.3 10.1 8 14.8-14.6-5.1-29-12.3-43.1-21.4l-17.1-11.1-19.9 4.6c-16 3.7-32.5 5.6-49 5.6-54 0-102.2-20.1-131.3-49.7C338 339.5 416 272.9 416 192c0-3.4-.4-6.7-.7-10C479.7 196.5 528 238.8 528 288c0 28.7-16.2 50.6-29.7 64z\"><\/path><\/svg>\t\t\t\t<\/span>\n\t\t\t<\/div>\n\t\t\t\n\t\t\t\t\t\t<div class=\"elementor-icon-box-content\">\n\n\t\t\t\t\t\t\t\t\t<h3 class=\"elementor-icon-box-title\">\n\t\t\t\t\t\t<span  >\n\t\t\t\t\t\t\tWhat does we rent out mean?\t\t\t\t\t\t<\/span>\n\t\t\t\t\t<\/h3>\n\t\t\t\t\n\t\t\t\t\t\t\t\t\t<p class=\"elementor-icon-box-description\">\n\t\t\t\t\t\tGrant the services of or the temporary use of, for a fee. \u201cWe rent out our apartment to tourists every year\u201d synonyms: farm out, hire out. lend, loan.\t\t\t\t\t<\/p>\n\t\t\t\t\n\t\t\t<\/div>\n\t\t\t\n\t\t<\/div>\n\t\t\t\t\t\t<\/div>\n\t\t\t\t<div class=\"elementor-element elementor-element-56e7296 elementor-widget-divider--view-line elementor-widget elementor-widget-divider\" data-id=\"56e7296\" data-element_type=\"widget\" data-e-type=\"widget\" data-widget_type=\"divider.default\">\n\t\t\t\t\t\t\t<div class=\"elementor-divider\">\n\t\t\t<span class=\"elementor-divider-separator\">\n\t\t\t\t\t\t<\/span>\n\t\t<\/div>\n\t\t\t\t\t\t<\/div>\n\t\t\t\t<div class=\"elementor-element elementor-element-4126212 elementor-widget elementor-widget-heading\" data-id=\"4126212\" data-element_type=\"widget\" data-e-type=\"widget\" data-widget_type=\"heading.default\">\n\t\t\t\t\t<h5 class=\"elementor-heading-title elementor-size-default\">We Rent kolekcija nekretnina<\/h5>\t\t\t\t<\/div>\n\t\t\t\t<div class=\"elementor-element elementor-element-126d939 elementor-widget elementor-widget-jet-posts\" data-id=\"126d939\" data-element_type=\"widget\" data-e-type=\"widget\" data-settings=\"{&quot;columns&quot;:&quot;1&quot;}\" data-widget_type=\"jet-posts.default\">\n\t\t\t\t<div class=\"elementor-widget-container\">\n\t\t\t\t\t<div class=\"elementor-jet-posts jet-elements\"><div class=\"jet-posts col-row disable-cols-gap disable-rows-gap\"><div class=\"jet-posts__item\">\n\t<div class=\"jet-posts__inner-box\"><div class=\"jet-posts__inner-content\"><h4 class=\"entry-title\"><a href=\"https:\/\/werentmarbella.com\/sr\/nekretnine\/don-carlos-resort-spa\/\" target=\"\">Don Carlos Resort &amp; Spa<\/a><\/h4><\/div><\/div>\n<\/div>\n<div class=\"jet-posts__item\">\n\t<div class=\"jet-posts__inner-box\"><div class=\"jet-posts__inner-content\"><h4 class=\"entry-title\"><a href=\"https:\/\/werentmarbella.com\/sr\/nekretnine\/2-sobni-apartman-na-prvoj-liniji-plaze\/\" target=\"\">2-sobni apartman na prvoj liniji pla\u017ee<\/a><\/h4><\/div><\/div>\n<\/div>\n<div class=\"jet-posts__item\">\n\t<div class=\"jet-posts__inner-box\"><div class=\"jet-posts__inner-content\"><h4 class=\"entry-title\"><a href=\"https:\/\/werentmarbella.com\/sr\/nekretnine\/alanda-hotel-marbelja\/\" target=\"\">Alanda Hotel Marbelja<\/a><\/h4><\/div><\/div>\n<\/div>\n<div class=\"jet-posts__item\">\n\t<div class=\"jet-posts__inner-box\"><div class=\"jet-posts__inner-content\"><h4 class=\"entry-title\"><a href=\"https:\/\/werentmarbella.com\/sr\/nekretnine\/iberostar-selection-marbella-coral-beach\/\" target=\"\">Iberostar Selection Marbella Coral Beach<\/a><\/h4><\/div><\/div>\n<\/div>\n<div class=\"jet-posts__item\">\n\t<div class=\"jet-posts__inner-box\"><div class=\"jet-posts__inner-content\"><h4 class=\"entry-title\"><a href=\"https:\/\/werentmarbella.com\/sr\/nekretnine\/occidental-puerto-banus\/\" target=\"\">Occidental Puerto Banus<\/a><\/h4><\/div><\/div>\n<\/div>\n<div class=\"jet-posts__item\">\n\t<div class=\"jet-posts__inner-box\"><div class=\"jet-posts__inner-content\"><h4 class=\"entry-title\"><a href=\"https:\/\/werentmarbella.com\/sr\/nekretnine\/eurostars-oasis-marbella\/\" target=\"\">Eurostars Oasis Marbella<\/a><\/h4><\/div><\/div>\n<\/div>\n<div class=\"jet-posts__item\">\n\t<div class=\"jet-posts__inner-box\"><div class=\"jet-posts__inner-content\"><h4 class=\"entry-title\"><a href=\"https:\/\/werentmarbella.com\/sr\/nekretnine\/stan-sa-3-spavace-sobe-u-puente-romanu\/\" target=\"\">Stan sa 3 spavac\u0301e sobe u Puente Romanu<\/a><\/h4><\/div><\/div>\n<\/div>\n<div class=\"jet-posts__item\">\n\t<div class=\"jet-posts__inner-box\"><div class=\"jet-posts__inner-content\"><h4 class=\"entry-title\"><a href=\"https:\/\/werentmarbella.com\/sr\/nekretnine\/gradska-kuca-sa-5-spavacih-soba-u-puente-romano-hills\/\" target=\"\">Gradska kuc\u0301a sa 5 spavac\u0301ih soba u Puente Romano Hills<\/a><\/h4><\/div><\/div>\n<\/div>\n<div class=\"jet-posts__item\">\n\t<div class=\"jet-posts__inner-box\"><div class=\"jet-posts__inner-content\"><h4 class=\"entry-title\"><a href=\"https:\/\/werentmarbella.com\/sr\/nekretnine\/trosobni-stan-u-playas-del-dukue\/\" target=\"\">Trosobni stan u Playas del Dukue<\/a><\/h4><\/div><\/div>\n<\/div>\n<div class=\"jet-posts__item\">\n\t<div class=\"jet-posts__inner-box\"><div class=\"jet-posts__inner-content\"><h4 class=\"entry-title\"><a href=\"https:\/\/werentmarbella.com\/sr\/nekretnine\/apartman-sa-2-spavace-sobe-i-bazenom\/\" target=\"\">Apartman sa 2 spavac\u0301e sobe i bazenom<\/a><\/h4><\/div><\/div>\n<\/div>\n<div class=\"jet-posts__item\">\n\t<div class=\"jet-posts__inner-box\"><div class=\"jet-posts__inner-content\"><h4 class=\"entry-title\"><a href=\"https:\/\/werentmarbella.com\/sr\/nekretnine\/dvosoban-stan-u-urb-lorcrimar\/\" target=\"\">Dvosoban stan u Urb. Lorcrimar<\/a><\/h4><\/div><\/div>\n<\/div>\n<div class=\"jet-posts__item\">\n\t<div class=\"jet-posts__inner-box\"><div class=\"jet-posts__inner-content\"><h4 class=\"entry-title\"><a href=\"https:\/\/werentmarbella.com\/sr\/nekretnine\/jednosoban-stan-u-centru-marbelje\/\" target=\"\">Jednosoban stan u centru Marbelje<\/a><\/h4><\/div><\/div>\n<\/div>\n<\/div>\n<\/div>\t\t\t\t<\/div>\n\t\t\t\t<\/div>\n\t\t\t\t<\/div>\n\t\t\t\t\t<\/div>\n\t\t\t\t<\/div>\n\t\t<div class=\"elementor-element elementor-element-08fa5b6 e-con-full e-flex e-con e-parent\" data-id=\"08fa5b6\" data-element_type=\"container\" data-e-type=\"container\" data-settings=\"{&quot;background_background&quot;:&quot;classic&quot;}\">\n\t\t\t\t<div class=\"elementor-element elementor-element-55079ed elementor-widget elementor-widget-heading\" data-id=\"55079ed\" data-element_type=\"widget\" data-e-type=\"widget\" data-widget_type=\"heading.default\">\n\t\t\t\t\t<h3 class=\"elementor-heading-title elementor-size-default\">Pro\u010ditajte na\u0161 blog<\/h3>\t\t\t\t<\/div>\n\t\t\t\t<div class=\"elementor-element elementor-element-a84f218 elementor-widget elementor-widget-jet-posts\" data-id=\"a84f218\" data-element_type=\"widget\" data-e-type=\"widget\" data-settings=\"{&quot;columns_tablet&quot;:&quot;2&quot;,&quot;columns_mobile&quot;:&quot;1&quot;,&quot;columns&quot;:&quot;4&quot;,&quot;slides_to_scroll&quot;:&quot;1&quot;}\" data-widget_type=\"jet-posts.default\">\n\t\t\t\t<div class=\"elementor-widget-container\">\n\t\t\t\t\t<div class=\"elementor-jet-posts jet-elements\"><div class=\"jet-posts col-row  jet-equal-cols\"><div class=\"jet-posts__item\">\n\t<div class=\"jet-posts__inner-box\"><div class=\"post-thumbnail\"><a href=\"https:\/\/werentmarbella.com\/sr\/link2property-pojacajte-svoje-onlajn-prisustvo-pomocu-premium-beklinkova\/\" class=\"post-thumbnail__link\"><img loading=\"lazy\" decoding=\"async\" class=\"post-thumbnail__img wp-post-image\" src=\"https:\/\/werentmarbella.com\/wp-content\/uploads\/2025\/05\/Cover-768x432.png\" alt=\"Link2Property \u2013 Poja\u010dajte svoje onlajn prisustvo pomoc\u0301u premium beklinkova\" loading=\"lazy\" width=\"768\" height=\"432\" title=\"\"><\/a><\/div><div class=\"jet-posts__inner-content\"><h4 class=\"entry-title\"><a href=\"https:\/\/werentmarbella.com\/sr\/link2property-pojacajte-svoje-onlajn-prisustvo-pomocu-premium-beklinkova\/\" target=\"\">Link2Property \u2013 Poja\u010dajte svoje onlajn prisustvo pomoc\u0301u premium beklinkova<\/a><\/h4><\/div><\/div>\n<\/div>\n<div class=\"jet-posts__item\">\n\t<div class=\"jet-posts__inner-box\"><div class=\"post-thumbnail\"><a href=\"https:\/\/werentmarbella.com\/sr\/gde-odsesti-u-malagi\/\" class=\"post-thumbnail__link\"><img loading=\"lazy\" decoding=\"async\" class=\"post-thumbnail__img wp-post-image\" src=\"https:\/\/werentmarbella.com\/wp-content\/uploads\/2024\/11\/Where-to-Stay-in-Malaga-768x512.jpg\" alt=\"Gde odsesti u Malagi\" loading=\"lazy\" width=\"768\" height=\"512\" title=\"\"><\/a><\/div><div class=\"jet-posts__inner-content\"><h4 class=\"entry-title\"><a href=\"https:\/\/werentmarbella.com\/sr\/gde-odsesti-u-malagi\/\" target=\"\">Gde odsesti u Malagi<\/a><\/h4><\/div><\/div>\n<\/div>\n<div class=\"jet-posts__item\">\n\t<div class=\"jet-posts__inner-box\"><div class=\"post-thumbnail\"><a href=\"https:\/\/werentmarbella.com\/sr\/5-najboljih-golf-terena-u-marbelji-i-esteponi\/\" class=\"post-thumbnail__link\"><img loading=\"lazy\" decoding=\"async\" class=\"post-thumbnail__img wp-post-image\" src=\"https:\/\/werentmarbella.com\/wp-content\/uploads\/2023\/07\/La-Reserva-Club-de-Sotogrande-768x512.jpg\" alt=\"5 najboljih golf terena u Marbelji i Esteponi\" loading=\"lazy\" width=\"768\" height=\"512\" title=\"\"><\/a><\/div><div class=\"jet-posts__inner-content\"><h4 class=\"entry-title\"><a href=\"https:\/\/werentmarbella.com\/sr\/5-najboljih-golf-terena-u-marbelji-i-esteponi\/\" target=\"\">5 najboljih golf terena u Marbelji i Esteponi<\/a><\/h4><\/div><\/div>\n<\/div>\n<div class=\"jet-posts__item\">\n\t<div class=\"jet-posts__inner-box\"><div class=\"post-thumbnail\"><a href=\"https:\/\/werentmarbella.com\/sr\/najstarije-zemlje-u-evropi-putovanje-kroz-istoriju-top-7\/\" class=\"post-thumbnail__link\"><img loading=\"lazy\" decoding=\"async\" class=\"post-thumbnail__img wp-post-image\" src=\"https:\/\/werentmarbella.com\/wp-content\/uploads\/2024\/01\/Andalucia-A-Journey-Through-Southern-Spains-Cultural-Gem-768x512.webp\" alt=\"Najstarije zemlje u Evropi: putovanje kroz istoriju (top 7)\" loading=\"lazy\" width=\"768\" height=\"512\" title=\"\"><\/a><\/div><div class=\"jet-posts__inner-content\"><h4 class=\"entry-title\"><a href=\"https:\/\/werentmarbella.com\/sr\/najstarije-zemlje-u-evropi-putovanje-kroz-istoriju-top-7\/\" target=\"\">Najstarije zemlje u Evropi: putovanje kroz istoriju (top 7)<\/a><\/h4><\/div><\/div>\n<\/div>\n<\/div>\n<\/div>\t\t\t\t<\/div>\n\t\t\t\t<\/div>\n\t\t\t\t<\/div>\n\t\t\t\t<\/div>\n\t\t","protected":false},"excerpt":{"rendered":"<p>Homepage Na\u0161a pri\u010da We Rent Marbella &#8211; Va\u0161a kapija do nezaboravnih iskustava na Costa del Sol-u! Iskusite vrhunsku personalizovanu uslugu jer na\u0161 posvec\u0301eni tim ide<\/p>\n","protected":false},"author":1,"featured_media":27928,"parent":0,"menu_order":2,"comment_status":"closed","ping_status":"closed","template":"elementor_header_footer","meta":{"footnotes":""},"class_list":["post-30154","page","type-page","status-publish","has-post-thumbnail","hentry"],"_links":{"self":[{"href":"https:\/\/werentmarbella.com\/sr\/wp-json\/wp\/v2\/pages\/30154","targetHints":{"allow":["GET"]}}],"collection":[{"href":"https:\/\/werentmarbella.com\/sr\/wp-json\/wp\/v2\/pages"}],"about":[{"href":"https:\/\/werentmarbella.com\/sr\/wp-json\/wp\/v2\/types\/page"}],"author":[{"embeddable":true,"href":"https:\/\/werentmarbella.com\/sr\/wp-json\/wp\/v2\/users\/1"}],"replies":[{"embeddable":true,"href":"https:\/\/werentmarbella.com\/sr\/wp-json\/wp\/v2\/comments?post=30154"}],"version-history":[{"count":2,"href":"https:\/\/werentmarbella.com\/sr\/wp-json\/wp\/v2\/pages\/30154\/revisions"}],"predecessor-version":[{"id":34905,"href":"https:\/\/werentmarbella.com\/sr\/wp-json\/wp\/v2\/pages\/30154\/revisions\/34905"}],"wp:featuredmedia":[{"embeddable":true,"href":"https:\/\/werentmarbella.com\/sr\/wp-json\/wp\/v2\/media\/27928"}],"wp:attachment":[{"href":"https:\/\/werentmarbella.com\/sr\/wp-json\/wp\/v2\/media?parent=30154"}],"curies":[{"name":"wp","href":"https:\/\/api.w.org\/{rel}","templated":true}]}}