{"id":30159,"date":"2023-07-14T23:14:07","date_gmt":"2023-07-14T23:14:07","guid":{"rendered":"https:\/\/werentmarbella.com\/jeftini-letovi-za-malagu\/"},"modified":"2024-02-01T19:09:08","modified_gmt":"2024-02-01T19:09:08","slug":"jeftini-letovi-za-malagu","status":"publish","type":"page","link":"https:\/\/werentmarbella.com\/sr\/jeftini-letovi-za-malagu\/","title":{"rendered":"Jeftini letovi za Malagu"},"content":{"rendered":"\t\t<div data-elementor-type=\"wp-page\" data-elementor-id=\"30159\" class=\"elementor elementor-30159\" data-elementor-post-type=\"page\">\n\t\t\t\t<div class=\"elementor-element elementor-element-bd4df5a e-flex e-con-boxed e-con e-parent\" data-id=\"bd4df5a\" data-element_type=\"container\" data-e-type=\"container\" data-settings=\"{&quot;background_background&quot;:&quot;classic&quot;}\">\n\t\t\t\t\t<div class=\"e-con-inner\">\n\t\t\t\t<div class=\"elementor-element elementor-element-70d8573 elementor-widget elementor-widget-heading\" data-id=\"70d8573\" data-element_type=\"widget\" data-e-type=\"widget\" data-widget_type=\"heading.default\">\n\t\t\t\t\t<h1 class=\"elementor-heading-title elementor-size-default\">Jeftini letovi za Malagu<\/h1>\t\t\t\t<\/div>\n\t\t\t\t<div class=\"elementor-element elementor-element-e0659c6 elementor-widget__width-inherit elementor-widget elementor-widget-text-editor\" data-id=\"e0659c6\" data-element_type=\"widget\" data-e-type=\"widget\" data-widget_type=\"text-editor.default\">\n\t\t\t\t\t\t\t\t\t<p>Nadjite najbolje ponude za jeftine letove za Malagu. Rezervi\u0161ite odmah i u\u0161tedite velike na va\u0161em sledec\u0301em putovanju. Ograni\u010dena dostupnost, ne \u010dekajte, rezervi\u0161ite vec\u0301 danas!<\/p>\n\t\t\t\t\t\t\t\t<\/div>\n\t\t\t\t<div class=\"elementor-element elementor-element-0e1d40a elementor-widget elementor-widget-html\" data-id=\"0e1d40a\" data-element_type=\"widget\" data-e-type=\"widget\" data-widget_type=\"html.default\">\n\t\t\t\t\t<a href=\"https:\/\/www.booking.com\/flights\/index.html?aid=8069933\" target=\"_blank\" rel=\"noopener\">\n <img decoding=\"async\" alt=\"Booking.com Pretra\u017eite Letove slika\" src=\"https:\/\/wasabi.bstatic.com\/banners\/flights\/en\/inspirational\/wide_rectangle_v5.png\" title=\"\">\n<\/a>\t\t\t\t<\/div>\n\t\t\t\t\t<\/div>\n\t\t\t\t<\/div>\n\t\t<div class=\"elementor-element elementor-element-928eaf2 e-flex e-con-boxed e-con e-parent\" data-id=\"928eaf2\" data-element_type=\"container\" data-e-type=\"container\">\n\t\t\t\t\t<div class=\"e-con-inner\">\n\t\t<div class=\"elementor-element elementor-element-e2cff48 e-flex e-con-boxed e-con e-child\" data-id=\"e2cff48\" data-element_type=\"container\" data-e-type=\"container\">\n\t\t\t\t\t<div class=\"e-con-inner\">\n\t\t\t\t<div class=\"elementor-element elementor-element-31de5a4 elementor-widget__width-inherit elementor-widget elementor-widget-heading\" data-id=\"31de5a4\" data-element_type=\"widget\" data-e-type=\"widget\" data-widget_type=\"heading.default\">\n\t\t\t\t\t<h2 class=\"elementor-heading-title elementor-size-default\">Jeftini letovi za Malagu<\/h2>\t\t\t\t<\/div>\n\t\t\t\t<div class=\"elementor-element elementor-element-24be61c elementor-widget elementor-widget-text-editor\" data-id=\"24be61c\" data-element_type=\"widget\" data-e-type=\"widget\" data-widget_type=\"text-editor.default\">\n\t\t\t\t\t\t\t\t\t<p>Ovde mo\u017eete pronac\u0301i \u0161irok izbor jeftinih letova za Malagu. Razumemo da je pronala\u017eenje pristupa\u010dnih avionskih karata glavni prioritet za putnike, a mi smo tu da vam pomognemo da obezbedite najbolje ponude i cene za va\u0161e putovanje.<\/p>\n\t\t\t\t\t\t\t\t<\/div>\n\t\t\t\t<div class=\"elementor-element elementor-element-87762cb elementor-widget elementor-widget-image\" data-id=\"87762cb\" data-element_type=\"widget\" data-e-type=\"widget\" data-widget_type=\"image.default\">\n\t\t\t\t\t\t\t\t\t\t\t\t\t\t\t<img fetchpriority=\"high\" decoding=\"async\" width=\"1200\" height=\"343\" src=\"https:\/\/werentmarbella.com\/wp-content\/uploads\/2023\/07\/cheap-flights-to-malaga-spain-3.jpg\" class=\"attachment-full size-full wp-image-28482\" alt=\"\" srcset=\"https:\/\/werentmarbella.com\/wp-content\/uploads\/2023\/07\/cheap-flights-to-malaga-spain-3.jpg 1200w, https:\/\/werentmarbella.com\/wp-content\/uploads\/2023\/07\/cheap-flights-to-malaga-spain-3-300x86.jpg 300w, https:\/\/werentmarbella.com\/wp-content\/uploads\/2023\/07\/cheap-flights-to-malaga-spain-3-1024x293.jpg 1024w, https:\/\/werentmarbella.com\/wp-content\/uploads\/2023\/07\/cheap-flights-to-malaga-spain-3-768x220.jpg 768w\" sizes=\"(max-width: 1200px) 100vw, 1200px\" title=\"\">\t\t\t\t\t\t\t\t\t\t\t\t\t\t\t<\/div>\n\t\t\t\t<div class=\"elementor-element elementor-element-a002b4e elementor-widget elementor-widget-text-editor\" data-id=\"a002b4e\" data-element_type=\"widget\" data-e-type=\"widget\" data-widget_type=\"text-editor.default\">\n\t\t\t\t\t\t\t\t\t<p>Malaga, sme\u0161tena na zadivljujuc\u0301oj Kosta del Sol u ju\u017enoj \u0160paniji, je \u017eivahan grad poznat po svojim prelepim pla\u017eama, bogatoj istoriji i \u017eivopisnoj kulturi. Bilo da planirate opu\u0161tajuc\u0301i odmor na pla\u017ei, istra\u017eujete istorijske znamenitosti ili se prepu\u0161tate ukusnoj \u0161panskoj kuhinji, Malaga nudi pone\u0161to za svakoga.<\/p>\n<p>Kada je re\u010d o rezervaciji letova, verujemo da pristupa\u010dnost nikada ne bi trebalo da zna\u010di kompromis po pitanju kvaliteta. Zbog toga neumorno radimo na tome da vam pru\u017eimo \u0161irok spektar povoljnih opcija leta za Malagu (AGP). Na\u0161a napredna tehnologija pretra\u017eivanja pretra\u017euje brojne avio-kompanije i turisti\u010dke agencije kako bi prona\u0161la najni\u017ee cene karata, omoguc\u0301avajuc\u0301i vam da u\u0161tedite novac i maksimalno iskoristite svoj bud\u017eet za putovanje.<\/p>\n<p>Rezervisanje najjeftinijih letova za Malagu preko na\u0161e platforme je brzo i lako. Jednostavno unesite datume putovanja i odredi\u0161te, a na\u0161 intuitivni interfejs c\u0301e vam predstaviti listu dostupnih letova zajedno sa njihovim cenama. Mo\u017eete dodatno da precizirate pretragu filtriranjem rezultata na osnovu va\u0161ih preferencija, kao \u0161to su trajanje leta ili odre\u0111ene avio-kompanije.<\/p>\n<p>Stalno a\u017euriramo na\u0161e ponude kako bismo osigurali da imate pristup najnovijim promocijama, \u0161to vam omoguc\u0301ava da jo\u0161 vi\u0161e u\u0161tedite na letovima za Malag<span style=\"color: var( --e-global-color-text ); background-color: var( --e-global-color-primary ); letter-spacing: 0px;\">u<\/span> (<span style=\"color: var( --e-global-color-text ); background-color: var( --e-global-color-primary ); letter-spacing: 0px;\">AGP)<\/span><span style=\"color: var( --e-global-color-text ); background-color: var( --e-global-color-primary ); letter-spacing: 0px;\">.<\/span><\/p>\n<p>Pa za\u0161to \u010dekati? Po\u010dnite da <a href=\"https:\/\/werentmarbella.com\/sr\/\">planirate svoj odmor iz snova u Malagi<\/a> vec\u0301 danas i rezervi\u0161ite svoje jeftine letove kod nas. O\u010dekuju vas nezaboravna iskustva i neverovatne u\u0161tede. Ne propustite ovu fantasti\u010dnu priliku da istra\u017eite sve \u0161to Malaga mo\u017ee da ponudi, a da pritom ne izgubite cenu.<\/p>\n\t\t\t\t\t\t\t\t<\/div>\n\t\t\t\t<div class=\"elementor-element elementor-element-92f1ee1 elementor-widget elementor-widget-button\" data-id=\"92f1ee1\" data-element_type=\"widget\" data-e-type=\"widget\" data-widget_type=\"button.default\">\n\t\t\t\t\t\t\t\t\t\t<a class=\"elementor-button elementor-button-link elementor-size-sm\" href=\"https:\/\/www.booking.com\/flights\/index.html?aid=8069933\" target=\"_blank\" title=\"Compare Flights\" rel=\"noopener\">\n\t\t\t\t\t\t<span class=\"elementor-button-content-wrapper\">\n\t\t\t\t\t\t\t\t\t<span class=\"elementor-button-text\">UPOREDITE LETOVE<\/span>\n\t\t\t\t\t<\/span>\n\t\t\t\t\t<\/a>\n\t\t\t\t\t\t\t\t<\/div>\n\t\t\t\t<div class=\"elementor-element elementor-element-8585407 elementor-widget elementor-widget-html\" data-id=\"8585407\" data-element_type=\"widget\" data-e-type=\"widget\" data-widget_type=\"html.default\">\n\t\t\t\t\t<a href=\"https:\/\/www.booking.com\/flights\/index.html?aid=8069933\" target=\"_blank\" rel=\"noopener\">\n <img decoding=\"async\" alt=\"Booking.com Pretra\u017eite Letove slike\" src=\"https:\/\/wasabi.bstatic.com\/banners\/flights\/en\/inspirational\/wide_rectangle_v3.png\" title=\"\">\n<\/a>\t\t\t\t<\/div>\n\t\t\t\t\t<\/div>\n\t\t\t\t<\/div>\n\t\t\t\t\t<\/div>\n\t\t\t\t<\/div>\n\t\t<div class=\"elementor-element elementor-element-2567fc8 e-flex e-con-boxed e-con e-parent\" data-id=\"2567fc8\" data-element_type=\"container\" data-e-type=\"container\">\n\t\t\t\t\t<div class=\"e-con-inner\">\n\t\t\t\t<div class=\"elementor-element elementor-element-5b85efc elementor-widget elementor-widget-jet-listing-grid\" data-id=\"5b85efc\" data-element_type=\"widget\" data-e-type=\"widget\" data-settings=\"{&quot;columns&quot;:&quot;4&quot;}\" data-widget_type=\"jet-listing-grid.default\">\n\t\t\t\t\t<div class=\"jet-listing-grid jet-listing\"><div class=\"jet-listing-grid__items grid-col-desk-4 grid-col-tablet-4 grid-col-mobile-4 jet-listing-grid--23240\" data-queried-id=\"30159|WP_Post\" data-nav=\"{&quot;enabled&quot;:false,&quot;type&quot;:null,&quot;more_el&quot;:null,&quot;query&quot;:[],&quot;widget_settings&quot;:{&quot;lisitng_id&quot;:23240,&quot;posts_num&quot;:4,&quot;columns&quot;:4,&quot;columns_tablet&quot;:4,&quot;columns_mobile&quot;:4,&quot;column_min_width&quot;:240,&quot;column_min_width_tablet&quot;:240,&quot;column_min_width_mobile&quot;:240,&quot;inline_columns_css&quot;:false,&quot;is_archive_template&quot;:&quot;&quot;,&quot;post_status&quot;:[&quot;publish&quot;],&quot;use_random_posts_num&quot;:&quot;&quot;,&quot;max_posts_num&quot;:9,&quot;not_found_message&quot;:&quot;Nije prona\\u0111en nijedan podatak&quot;,&quot;is_masonry&quot;:false,&quot;equal_columns_height&quot;:&quot;&quot;,&quot;use_load_more&quot;:&quot;&quot;,&quot;load_more_id&quot;:&quot;&quot;,&quot;load_more_type&quot;:&quot;click&quot;,&quot;load_more_offset&quot;:{&quot;unit&quot;:&quot;px&quot;,&quot;size&quot;:0,&quot;sizes&quot;:[]},&quot;use_custom_post_types&quot;:&quot;&quot;,&quot;custom_post_types&quot;:[],&quot;hide_widget_if&quot;:&quot;&quot;,&quot;carousel_enabled&quot;:&quot;&quot;,&quot;slides_to_scroll&quot;:&quot;1&quot;,&quot;arrows&quot;:&quot;true&quot;,&quot;arrow_icon&quot;:&quot;fa fa-angle-left&quot;,&quot;dots&quot;:&quot;&quot;,&quot;autoplay&quot;:&quot;true&quot;,&quot;pause_on_hover&quot;:&quot;true&quot;,&quot;autoplay_speed&quot;:5000,&quot;infinite&quot;:&quot;true&quot;,&quot;center_mode&quot;:&quot;&quot;,&quot;effect&quot;:&quot;slide&quot;,&quot;speed&quot;:500,&quot;inject_alternative_items&quot;:&quot;&quot;,&quot;injection_items&quot;:[],&quot;scroll_slider_enabled&quot;:&quot;&quot;,&quot;scroll_slider_on&quot;:[&quot;desktop&quot;,&quot;tablet&quot;,&quot;mobile&quot;],&quot;custom_query&quot;:false,&quot;custom_query_id&quot;:&quot;&quot;,&quot;_element_id&quot;:&quot;&quot;,&quot;collapse_first_last_gap&quot;:false,&quot;list_tag_selection&quot;:&quot;&quot;,&quot;list_items_wrapper_tag&quot;:&quot;div&quot;,&quot;list_item_tag&quot;:&quot;div&quot;,&quot;empty_items_wrapper_tag&quot;:&quot;div&quot;}}\" data-page=\"1\" data-pages=\"1\" data-listing-source=\"terms\" data-listing-id=\"23240\" data-query-id=\"\"><div class=\"jet-listing-grid__item jet-listing-dynamic-post-359\" data-post-id=\"359\"  ><div class=\"jet-engine-listing-overlay-wrap\" data-url=\"https:\/\/werentmarbella.com\/sr\/tip-nekretnine\/hotel-sr\/\">\t\t<div data-elementor-type=\"jet-listing-items\" data-elementor-id=\"30638\" class=\"elementor elementor-30638 elementor-23240 elementor-23240\" data-elementor-post-type=\"jet-engine\">\n\t\t\t\t<div class=\"elementor-element elementor-element-e24ed90 e-con-full e-transform e-flex e-con e-parent\" data-id=\"e24ed90\" data-element_type=\"container\" data-e-type=\"container\" data-settings=\"{&quot;background_background&quot;:&quot;classic&quot;,&quot;_transform_translateY_effect_hover&quot;:{&quot;unit&quot;:&quot;px&quot;,&quot;size&quot;:-10,&quot;sizes&quot;:[]},&quot;_transform_translateX_effect_hover&quot;:{&quot;unit&quot;:&quot;px&quot;,&quot;size&quot;:&quot;&quot;,&quot;sizes&quot;:[]},&quot;_transform_translateX_effect_hover_tablet&quot;:{&quot;unit&quot;:&quot;px&quot;,&quot;size&quot;:&quot;&quot;,&quot;sizes&quot;:[]},&quot;_transform_translateX_effect_hover_mobile&quot;:{&quot;unit&quot;:&quot;px&quot;,&quot;size&quot;:&quot;&quot;,&quot;sizes&quot;:[]},&quot;_transform_translateY_effect_hover_tablet&quot;:{&quot;unit&quot;:&quot;px&quot;,&quot;size&quot;:&quot;&quot;,&quot;sizes&quot;:[]},&quot;_transform_translateY_effect_hover_mobile&quot;:{&quot;unit&quot;:&quot;px&quot;,&quot;size&quot;:&quot;&quot;,&quot;sizes&quot;:[]}}\">\n\t\t\t\t<div class=\"elementor-element elementor-element-b904432 elementor-widget__width-inherit elementor-widget elementor-widget-jet-listing-dynamic-link\" data-id=\"b904432\" data-element_type=\"widget\" data-e-type=\"widget\" data-widget_type=\"jet-listing-dynamic-link.default\">\n\t\t\t\t\t<a href=\"https:\/\/werentmarbella.com\/sr\/tip-nekretnine\/hotel-sr\/\" class=\"jet-listing-dynamic-link__link\" aria-label=\"Pogledaj Hotel\">Hotel<\/a>\t\t\t\t<\/div>\n\t\t\t\t<\/div>\n\t\t\t\t<\/div>\n\t\t<a href=\"https:\/\/werentmarbella.com\/sr\/tip-nekretnine\/hotel-sr\/\" class=\"jet-engine-listing-overlay-link\"><\/a><\/div><\/div><div class=\"jet-listing-grid__item jet-listing-dynamic-post-360\" data-post-id=\"360\"  ><div class=\"jet-engine-listing-overlay-wrap\" data-url=\"https:\/\/werentmarbella.com\/sr\/tip-nekretnine\/kuca\/\">\t\t<div data-elementor-type=\"jet-listing-items\" data-elementor-id=\"30638\" class=\"elementor elementor-30638 elementor-23240 elementor-23240\" data-elementor-post-type=\"jet-engine\">\n\t\t\t\t<div class=\"elementor-element elementor-element-e24ed90 e-con-full e-transform e-flex e-con e-parent\" data-id=\"e24ed90\" data-element_type=\"container\" data-e-type=\"container\" data-settings=\"{&quot;background_background&quot;:&quot;classic&quot;,&quot;_transform_translateY_effect_hover&quot;:{&quot;unit&quot;:&quot;px&quot;,&quot;size&quot;:-10,&quot;sizes&quot;:[]},&quot;_transform_translateX_effect_hover&quot;:{&quot;unit&quot;:&quot;px&quot;,&quot;size&quot;:&quot;&quot;,&quot;sizes&quot;:[]},&quot;_transform_translateX_effect_hover_tablet&quot;:{&quot;unit&quot;:&quot;px&quot;,&quot;size&quot;:&quot;&quot;,&quot;sizes&quot;:[]},&quot;_transform_translateX_effect_hover_mobile&quot;:{&quot;unit&quot;:&quot;px&quot;,&quot;size&quot;:&quot;&quot;,&quot;sizes&quot;:[]},&quot;_transform_translateY_effect_hover_tablet&quot;:{&quot;unit&quot;:&quot;px&quot;,&quot;size&quot;:&quot;&quot;,&quot;sizes&quot;:[]},&quot;_transform_translateY_effect_hover_mobile&quot;:{&quot;unit&quot;:&quot;px&quot;,&quot;size&quot;:&quot;&quot;,&quot;sizes&quot;:[]}}\">\n\t\t\t\t<div class=\"elementor-element elementor-element-b904432 elementor-widget__width-inherit elementor-widget elementor-widget-jet-listing-dynamic-link\" data-id=\"b904432\" data-element_type=\"widget\" data-e-type=\"widget\" data-widget_type=\"jet-listing-dynamic-link.default\">\n\t\t\t\t\t<a href=\"https:\/\/werentmarbella.com\/sr\/tip-nekretnine\/kuca\/\" class=\"jet-listing-dynamic-link__link\" aria-label=\"Pogledaj Kuc\u0301a\">Kuc\u0301a<\/a>\t\t\t\t<\/div>\n\t\t\t\t<\/div>\n\t\t\t\t<\/div>\n\t\t<a href=\"https:\/\/werentmarbella.com\/sr\/tip-nekretnine\/kuca\/\" class=\"jet-engine-listing-overlay-link\"><\/a><\/div><\/div><div class=\"jet-listing-grid__item jet-listing-dynamic-post-358\" data-post-id=\"358\"  ><div class=\"jet-engine-listing-overlay-wrap\" data-url=\"https:\/\/werentmarbella.com\/sr\/tip-nekretnine\/kuca-za-odmor\/\">\t\t<div data-elementor-type=\"jet-listing-items\" data-elementor-id=\"30638\" class=\"elementor elementor-30638 elementor-23240 elementor-23240\" data-elementor-post-type=\"jet-engine\">\n\t\t\t\t<div class=\"elementor-element elementor-element-e24ed90 e-con-full e-transform e-flex e-con e-parent\" data-id=\"e24ed90\" data-element_type=\"container\" data-e-type=\"container\" data-settings=\"{&quot;background_background&quot;:&quot;classic&quot;,&quot;_transform_translateY_effect_hover&quot;:{&quot;unit&quot;:&quot;px&quot;,&quot;size&quot;:-10,&quot;sizes&quot;:[]},&quot;_transform_translateX_effect_hover&quot;:{&quot;unit&quot;:&quot;px&quot;,&quot;size&quot;:&quot;&quot;,&quot;sizes&quot;:[]},&quot;_transform_translateX_effect_hover_tablet&quot;:{&quot;unit&quot;:&quot;px&quot;,&quot;size&quot;:&quot;&quot;,&quot;sizes&quot;:[]},&quot;_transform_translateX_effect_hover_mobile&quot;:{&quot;unit&quot;:&quot;px&quot;,&quot;size&quot;:&quot;&quot;,&quot;sizes&quot;:[]},&quot;_transform_translateY_effect_hover_tablet&quot;:{&quot;unit&quot;:&quot;px&quot;,&quot;size&quot;:&quot;&quot;,&quot;sizes&quot;:[]},&quot;_transform_translateY_effect_hover_mobile&quot;:{&quot;unit&quot;:&quot;px&quot;,&quot;size&quot;:&quot;&quot;,&quot;sizes&quot;:[]}}\">\n\t\t\t\t<div class=\"elementor-element elementor-element-b904432 elementor-widget__width-inherit elementor-widget elementor-widget-jet-listing-dynamic-link\" data-id=\"b904432\" data-element_type=\"widget\" data-e-type=\"widget\" data-widget_type=\"jet-listing-dynamic-link.default\">\n\t\t\t\t\t<a href=\"https:\/\/werentmarbella.com\/sr\/tip-nekretnine\/kuca-za-odmor\/\" class=\"jet-listing-dynamic-link__link\" aria-label=\"Pogledaj Kuc\u0301a za odmor\">Kuc\u0301a za odmor<\/a>\t\t\t\t<\/div>\n\t\t\t\t<\/div>\n\t\t\t\t<\/div>\n\t\t<a href=\"https:\/\/werentmarbella.com\/sr\/tip-nekretnine\/kuca-za-odmor\/\" class=\"jet-engine-listing-overlay-link\"><\/a><\/div><\/div><div class=\"jet-listing-grid__item jet-listing-dynamic-post-357\" data-post-id=\"357\"  ><div class=\"jet-engine-listing-overlay-wrap\" data-url=\"https:\/\/werentmarbella.com\/sr\/tip-nekretnine\/stan\/\">\t\t<div data-elementor-type=\"jet-listing-items\" data-elementor-id=\"30638\" class=\"elementor elementor-30638 elementor-23240 elementor-23240\" data-elementor-post-type=\"jet-engine\">\n\t\t\t\t<div class=\"elementor-element elementor-element-e24ed90 e-con-full e-transform e-flex e-con e-parent\" data-id=\"e24ed90\" data-element_type=\"container\" data-e-type=\"container\" data-settings=\"{&quot;background_background&quot;:&quot;classic&quot;,&quot;_transform_translateY_effect_hover&quot;:{&quot;unit&quot;:&quot;px&quot;,&quot;size&quot;:-10,&quot;sizes&quot;:[]},&quot;_transform_translateX_effect_hover&quot;:{&quot;unit&quot;:&quot;px&quot;,&quot;size&quot;:&quot;&quot;,&quot;sizes&quot;:[]},&quot;_transform_translateX_effect_hover_tablet&quot;:{&quot;unit&quot;:&quot;px&quot;,&quot;size&quot;:&quot;&quot;,&quot;sizes&quot;:[]},&quot;_transform_translateX_effect_hover_mobile&quot;:{&quot;unit&quot;:&quot;px&quot;,&quot;size&quot;:&quot;&quot;,&quot;sizes&quot;:[]},&quot;_transform_translateY_effect_hover_tablet&quot;:{&quot;unit&quot;:&quot;px&quot;,&quot;size&quot;:&quot;&quot;,&quot;sizes&quot;:[]},&quot;_transform_translateY_effect_hover_mobile&quot;:{&quot;unit&quot;:&quot;px&quot;,&quot;size&quot;:&quot;&quot;,&quot;sizes&quot;:[]}}\">\n\t\t\t\t<div class=\"elementor-element elementor-element-b904432 elementor-widget__width-inherit elementor-widget elementor-widget-jet-listing-dynamic-link\" data-id=\"b904432\" data-element_type=\"widget\" data-e-type=\"widget\" data-widget_type=\"jet-listing-dynamic-link.default\">\n\t\t\t\t\t<a href=\"https:\/\/werentmarbella.com\/sr\/tip-nekretnine\/stan\/\" class=\"jet-listing-dynamic-link__link\" aria-label=\"Pogledaj Stan\">Stan<\/a>\t\t\t\t<\/div>\n\t\t\t\t<\/div>\n\t\t\t\t<\/div>\n\t\t<a href=\"https:\/\/werentmarbella.com\/sr\/tip-nekretnine\/stan\/\" class=\"jet-engine-listing-overlay-link\"><\/a><\/div><\/div><\/div><\/div>\t\t\t\t<\/div>\n\t\t\t\t\t<\/div>\n\t\t\t\t<\/div>\n\t\t\t\t<\/div>\n\t\t","protected":false},"excerpt":{"rendered":"<p>Jeftini letovi za Malagu Nadjite najbolje ponude za jeftine letove za Malagu. Rezervi\u0161ite odmah i u\u0161tedite velike na va\u0161em sledec\u0301em putovanju. Ograni\u010dena dostupnost, ne \u010dekajte, rezervi\u0161ite vec\u0301 danas! Jeftini letovi za Malagu Ovde mo\u017eete pronac\u0301i \u0161irok izbor jeftinih letova za Malagu. Razumemo da je pronala\u017eenje pristupa\u010dnih avionskih karata glavni prioritet za putnike, a mi smo [&hellip;]<\/p>\n","protected":false},"author":1,"featured_media":28480,"parent":0,"menu_order":0,"comment_status":"closed","ping_status":"closed","template":"elementor_header_footer","meta":{"footnotes":""},"class_list":["post-30159","page","type-page","status-publish","has-post-thumbnail","hentry"],"_links":{"self":[{"href":"https:\/\/werentmarbella.com\/sr\/wp-json\/wp\/v2\/pages\/30159","targetHints":{"allow":["GET"]}}],"collection":[{"href":"https:\/\/werentmarbella.com\/sr\/wp-json\/wp\/v2\/pages"}],"about":[{"href":"https:\/\/werentmarbella.com\/sr\/wp-json\/wp\/v2\/types\/page"}],"author":[{"embeddable":true,"href":"https:\/\/werentmarbella.com\/sr\/wp-json\/wp\/v2\/users\/1"}],"replies":[{"embeddable":true,"href":"https:\/\/werentmarbella.com\/sr\/wp-json\/wp\/v2\/comments?post=30159"}],"version-history":[{"count":0,"href":"https:\/\/werentmarbella.com\/sr\/wp-json\/wp\/v2\/pages\/30159\/revisions"}],"wp:featuredmedia":[{"embeddable":true,"href":"https:\/\/werentmarbella.com\/sr\/wp-json\/wp\/v2\/media\/28480"}],"wp:attachment":[{"href":"https:\/\/werentmarbella.com\/sr\/wp-json\/wp\/v2\/media?parent=30159"}],"curies":[{"name":"wp","href":"https:\/\/api.w.org\/{rel}","templated":true}]}}