{"id":30185,"date":"2023-07-14T23:13:53","date_gmt":"2023-07-14T23:13:53","guid":{"rendered":"https:\/\/werentmarbella.com\/hoteli\/"},"modified":"2024-02-01T19:42:28","modified_gmt":"2024-02-01T19:42:28","slug":"hoteli","status":"publish","type":"page","link":"https:\/\/werentmarbella.com\/sr\/hoteli\/","title":{"rendered":"Hoteli"},"content":{"rendered":"\t\t<div data-elementor-type=\"wp-page\" data-elementor-id=\"30185\" class=\"elementor elementor-30185 elementor-21307\" data-elementor-post-type=\"page\">\n\t\t\t\t<div class=\"elementor-element elementor-element-bf30e22 e-flex e-con-boxed e-con e-parent\" data-id=\"bf30e22\" data-element_type=\"container\" data-e-type=\"container\" data-settings=\"{&quot;background_background&quot;:&quot;classic&quot;}\">\n\t\t\t\t\t<div class=\"e-con-inner\">\n\t\t\t\t<div class=\"elementor-element elementor-element-ed49ae5 elementor-widget elementor-widget-heading\" data-id=\"ed49ae5\" data-element_type=\"widget\" data-e-type=\"widget\" data-widget_type=\"heading.default\">\n\t\t\t\t\t<h1 class=\"elementor-heading-title elementor-size-default\">Luksuzni hoteli<\/h1>\t\t\t\t<\/div>\n\t\t\t\t<div class=\"elementor-element elementor-element-d3d0e50 elementor-widget__width-inherit elementor-widget elementor-widget-text-editor\" data-id=\"d3d0e50\" data-element_type=\"widget\" data-e-type=\"widget\" data-widget_type=\"text-editor.default\">\n\t\t\t\t\t\t\t\t\t<p>Rezervi\u0161ite hotel u Marbelji sa popustom i u\u0161tedite do 60%<\/p>\n\t\t\t\t\t\t\t\t<\/div>\n\t\t\t\t\t<\/div>\n\t\t\t\t<\/div>\n\t\t<div class=\"elementor-element elementor-element-3aa7fe7 e-con-full e-flex e-con e-parent\" data-id=\"3aa7fe7\" data-element_type=\"container\" data-e-type=\"container\" data-settings=\"{&quot;background_background&quot;:&quot;classic&quot;}\">\n\t\t<div class=\"elementor-element elementor-element-fcd4bab e-flex e-con-boxed e-con e-child\" data-id=\"fcd4bab\" data-element_type=\"container\" data-e-type=\"container\">\n\t\t\t\t\t<div class=\"e-con-inner\">\n\t\t\t\t<div class=\"elementor-element elementor-element-4b93193 elementor-widget elementor-widget-text-editor\" data-id=\"4b93193\" data-element_type=\"widget\" data-e-type=\"widget\" data-widget_type=\"text-editor.default\">\n\t\t\t\t\t\t\t\t\t<p>Ure\u0111ujemo cene sobe u 70 razli\u010ditih usluga rezervacije hotela, omoguc\u0301avajuc\u0301i vam da izaberete najpovoljnije ponude.<\/p>\n\t\t\t\t\t\t\t\t<\/div>\n\t\t\t\t<div class=\"elementor-element elementor-element-f52e2f9 elementor-widget elementor-widget-text-editor\" data-id=\"f52e2f9\" data-element_type=\"widget\" data-e-type=\"widget\" data-widget_type=\"text-editor.default\">\n\t\t\t\t\t\t\t\t\t<p>Cena za jednu te istu sobu mo\u017ee se razlikovati u zavisnosti od veb stranice koju koristite. Pore\u0111enje cena omoguc\u0301ava pronala\u017eenje najbolje ponude. Tako\u0111e, ponekad ista soba mo\u017ee imati druga\u010diji status dostupnosti u drugom sistemu.<\/p>\n<p>Pretra\u017eujemo i najvec\u0301e veb stranice za rezervacije i male lokalne sisteme. \u010cesto mali porodi\u010dni hoteli nisu navedeni na velikim veb lokacijama za rezervacije.<\/p>\n\t\t\t\t\t\t\t\t<\/div>\n\t\t\t\t\t<\/div>\n\t\t\t\t<\/div>\n\t\t\t\t<\/div>\n\t\t<div class=\"elementor-element elementor-element-b1f0126 e-con-full e-flex e-con e-parent\" data-id=\"b1f0126\" data-element_type=\"container\" data-e-type=\"container\" data-settings=\"{&quot;background_background&quot;:&quot;classic&quot;}\">\n\t\t<div class=\"elementor-element elementor-element-0145c76 e-con-full e-flex e-con e-child\" data-id=\"0145c76\" data-element_type=\"container\" data-e-type=\"container\">\n\t\t\t\t<div class=\"elementor-element elementor-element-4e201a6 elementor-widget__width-inherit elementor-widget elementor-widget-html\" data-id=\"4e201a6\" data-element_type=\"widget\" data-e-type=\"widget\" data-widget_type=\"html.default\">\n\t\t\t\t\t<script src=\"https:\/\/www.booking.com\/affiliate\/prelanding_sdk\"><\/script><div id=\"bookingAffiliateWidget_5156f3c8-329e-4b65-a6b1-c24d75bb6d47\">&nbsp;<\/div><script>(function () {\n          var BookingAffiliateWidget = new Booking.AffiliateWidget({\n  \"iframeSettings\": {\n    \"selector\": \"bookingAffiliateWidget_5156f3c8-329e-4b65-a6b1-c24d75bb6d47\",\n    \"responsive\": true\n  },\n  \"widgetSettings\": {\n    \"ss\": \"Marbella, Andaluc\u00eda, Spain\",\n    \"latitude\": 36.51091,\n    \"longitude\": -4.88084,\n    \"zoom\": 12,\n    \"customMarkerTitle\": \" Marbella\"\n  }\n});\n      })();\n  <\/script>\t\t\t\t<\/div>\n\t\t\t\t<\/div>\n\t\t\t\t<\/div>\n\t\t<div class=\"elementor-element elementor-element-2f99d2e e-flex e-con-boxed e-con e-parent\" data-id=\"2f99d2e\" data-element_type=\"container\" data-e-type=\"container\">\n\t\t\t\t\t<div class=\"e-con-inner\">\n\t\t\t\t<div class=\"elementor-element elementor-element-f7cbf65 elementor-widget elementor-widget-heading\" data-id=\"f7cbf65\" data-element_type=\"widget\" data-e-type=\"widget\" data-widget_type=\"heading.default\">\n\t\t\t\t\t<h2 class=\"elementor-heading-title elementor-size-default\">Najbolji hoteli u Marbelji<\/h2>\t\t\t\t<\/div>\n\t\t\t\t<div class=\"elementor-element elementor-element-2ed0d89 elementor-widget elementor-widget-text-editor\" data-id=\"2ed0d89\" data-element_type=\"widget\" data-e-type=\"widget\" data-widget_type=\"text-editor.default\">\n\t\t\t\t\t\t\t\t\t<p>Koristimo <a href=\"https:\/\/www.trustyou.com\/\" target=\"_blank\" rel=\"noopener\">TrustYou\u2122<\/a>, sistem pametne semanti\u010dke analize, da prikupimo recenzije sa mnogih servisa za rezervacije (uklju\u010dujuc\u0301i Booking.com, Agoda, Hotel.com i druge) i izra\u010dunamo ocene na osnovu svih recenzija dostupnih na mre\u017ei.<\/p>\n\t\t\t\t\t\t\t\t<\/div>\n\t\t\t\t\t<\/div>\n\t\t\t\t<\/div>\n\t\t<div class=\"elementor-element elementor-element-842fe7c e-con-full e-flex e-con e-parent\" data-id=\"842fe7c\" data-element_type=\"container\" data-e-type=\"container\" data-settings=\"{&quot;background_background&quot;:&quot;classic&quot;}\">\n\t\t\t\t<div class=\"elementor-element elementor-element-5cc9e49 elementor-widget elementor-widget-heading\" data-id=\"5cc9e49\" data-element_type=\"widget\" data-e-type=\"widget\" data-widget_type=\"heading.default\">\n\t\t\t\t\t<h3 class=\"elementor-heading-title elementor-size-default\">Najnovije sa bloga<\/h3>\t\t\t\t<\/div>\n\t\t\t\t<div class=\"elementor-element elementor-element-c0e879d elementor-posts--thumbnail-none elementor-grid-3 elementor-grid-tablet-2 elementor-grid-mobile-1 elementor-widget elementor-widget-posts\" data-id=\"c0e879d\" data-element_type=\"widget\" data-e-type=\"widget\" data-settings=\"{&quot;classic_row_gap&quot;:{&quot;unit&quot;:&quot;px&quot;,&quot;size&quot;:40,&quot;sizes&quot;:[]},&quot;classic_columns&quot;:&quot;3&quot;,&quot;classic_columns_tablet&quot;:&quot;2&quot;,&quot;classic_columns_mobile&quot;:&quot;1&quot;,&quot;classic_row_gap_tablet&quot;:{&quot;unit&quot;:&quot;px&quot;,&quot;size&quot;:&quot;&quot;,&quot;sizes&quot;:[]},&quot;classic_row_gap_mobile&quot;:{&quot;unit&quot;:&quot;px&quot;,&quot;size&quot;:&quot;&quot;,&quot;sizes&quot;:[]}}\" data-widget_type=\"posts.classic\">\n\t\t\t\t<div class=\"elementor-widget-container\">\n\t\t\t\t\t\t\t<div class=\"elementor-posts-container elementor-posts elementor-posts--skin-classic elementor-grid\" role=\"list\">\n\t\t\t\t<article class=\"elementor-post elementor-grid-item post-35915 post type-post status-publish format-standard has-post-thumbnail hentry category-marketing-sr\" role=\"listitem\">\n\t\t\t\t<div class=\"elementor-post__text\">\n\t\t\t\t<h4 class=\"elementor-post__title\">\n\t\t\t<a href=\"https:\/\/werentmarbella.com\/sr\/link2property-pojacajte-svoje-onlajn-prisustvo-pomocu-premium-beklinkova\/\">\n\t\t\t\tLink2Property \u2013 Poja\u010dajte svoje onlajn prisustvo pomoc\u0301u premium beklinkova\t\t\t<\/a>\n\t\t<\/h4>\n\t\t\t\t<\/div>\n\t\t\t\t<\/article>\n\t\t\t\t<article class=\"elementor-post elementor-grid-item post-35957 post type-post status-publish format-standard has-post-thumbnail hentry category-stvari-za-uraditi category-odredista tag-2025-sr tag-putovanja\" role=\"listitem\">\n\t\t\t\t<div class=\"elementor-post__text\">\n\t\t\t\t<h4 class=\"elementor-post__title\">\n\t\t\t<a href=\"https:\/\/werentmarbella.com\/sr\/gde-odsesti-u-malagi\/\">\n\t\t\t\tGde odsesti u Malagi\t\t\t<\/a>\n\t\t<\/h4>\n\t\t\t\t<\/div>\n\t\t\t\t<\/article>\n\t\t\t\t<article class=\"elementor-post elementor-grid-item post-33360 post type-post status-publish format-standard has-post-thumbnail hentry category-stvari-za-uraditi category-vodic tag-golf-sr tag-klubovi-sr tag-luksuz\" role=\"listitem\">\n\t\t\t\t<div class=\"elementor-post__text\">\n\t\t\t\t<h4 class=\"elementor-post__title\">\n\t\t\t<a href=\"https:\/\/werentmarbella.com\/sr\/5-najboljih-golf-terena-u-marbelji-i-esteponi\/\">\n\t\t\t\t5 najboljih golf terena u Marbelji i Esteponi\t\t\t<\/a>\n\t\t<\/h4>\n\t\t\t\t<\/div>\n\t\t\t\t<\/article>\n\t\t\t\t<article class=\"elementor-post elementor-grid-item post-32818 post type-post status-publish format-standard has-post-thumbnail hentry category-wiki-sr tag-evropa tag-istorija tag-putovanja tag-putovanje\" role=\"listitem\">\n\t\t\t\t<div class=\"elementor-post__text\">\n\t\t\t\t<h4 class=\"elementor-post__title\">\n\t\t\t<a href=\"https:\/\/werentmarbella.com\/sr\/najstarije-zemlje-u-evropi-putovanje-kroz-istoriju-top-7\/\">\n\t\t\t\tNajstarije zemlje u Evropi: putovanje kroz istoriju (top 7)\t\t\t<\/a>\n\t\t<\/h4>\n\t\t\t\t<\/div>\n\t\t\t\t<\/article>\n\t\t\t\t<article class=\"elementor-post elementor-grid-item post-32814 post type-post status-publish format-standard has-post-thumbnail hentry category-odredista category-stvari-za-uraditi category-vodic tag-2025-sr tag-automobili tag-golf-sr tag-klubovi-sr tag-plaze tag-putovanja tag-restorani-sr\" role=\"listitem\">\n\t\t\t\t<div class=\"elementor-post__text\">\n\t\t\t\t<h4 class=\"elementor-post__title\">\n\t\t\t<a href=\"https:\/\/werentmarbella.com\/sr\/marbelja-2025-sta-je-novo-i-sta-treba-raditi\/\">\n\t\t\t\tMarbelja 2025.: \u0160ta je novo i \u0161ta treba raditi\t\t\t<\/a>\n\t\t<\/h4>\n\t\t\t\t<\/div>\n\t\t\t\t<\/article>\n\t\t\t\t<article class=\"elementor-post elementor-grid-item post-32904 post type-post status-publish format-standard has-post-thumbnail hentry category-stvari-za-uraditi tag-2024-sr tag-istorijski-centar tag-jednodnevni-izleti tag-plaze tag-putovanja tag-tapas-sr\" role=\"listitem\">\n\t\t\t\t<div class=\"elementor-post__text\">\n\t\t\t\t<h4 class=\"elementor-post__title\">\n\t\t\t<a href=\"https:\/\/werentmarbella.com\/sr\/otkrijte-magiju-malage-vodic-kroz-istoriju-plaze-i-tapas\/\">\n\t\t\t\tOtkrijte magiju Malage: Vodi\u010d kroz istoriju, pla\u017ee i tapas\t\t\t<\/a>\n\t\t<\/h4>\n\t\t\t\t<\/div>\n\t\t\t\t<\/article>\n\t\t\t\t<article class=\"elementor-post elementor-grid-item post-31930 post type-post status-publish format-standard has-post-thumbnail hentry category-poslovni-svet category-vodic tag-2024-sr tag-golf-sr tag-klubovi-sr tag-plaza tag-restorani-sr\" role=\"listitem\">\n\t\t\t\t<div class=\"elementor-post__text\">\n\t\t\t\t<h4 class=\"elementor-post__title\">\n\t\t\t<a href=\"https:\/\/werentmarbella.com\/sr\/marbella-club-hotel-vs-puente-romano-resort-sveobuhvatno-poredjenje\/\">\n\t\t\t\tMarbella Club Hotel vs Puente Romano Resort: Sveobuhvatno pore\u0111enje\t\t\t<\/a>\n\t\t<\/h4>\n\t\t\t\t<\/div>\n\t\t\t\t<\/article>\n\t\t\t\t<article class=\"elementor-post elementor-grid-item post-32177 post type-post status-publish format-standard has-post-thumbnail hentry category-poslovni-svet category-vodic tag-2024-sr tag-elektricna-vozila\" role=\"listitem\">\n\t\t\t\t<div class=\"elementor-post__text\">\n\t\t\t\t<h4 class=\"elementor-post__title\">\n\t\t\t<a href=\"https:\/\/werentmarbella.com\/sr\/stanice-za-punjenje-u-marbelji-vodic-za-vlasnike-elektricnih-vozila\/\">\n\t\t\t\tStanice za punjenje u Marbelji: Vodi\u010d za vlasnike elektri\u010dnih vozila\t\t\t<\/a>\n\t\t<\/h4>\n\t\t\t\t<\/div>\n\t\t\t\t<\/article>\n\t\t\t\t<article class=\"elementor-post elementor-grid-item post-32179 post type-post status-publish format-standard has-post-thumbnail hentry category-poslovni-svet category-vodic tag-2024-sr tag-luksuz tag-putovanja\" role=\"listitem\">\n\t\t\t\t<div class=\"elementor-post__text\">\n\t\t\t\t<h4 class=\"elementor-post__title\">\n\t\t\t<a href=\"https:\/\/werentmarbella.com\/sr\/vase-veze-za-pronalazenje-savrsene-nekretnine-za-iznajmljivanje\/\">\n\t\t\t\tVa\u0161e veze za pronala\u017eenje savr\u0161ene nekretnine za iznajmljivanje\t\t\t<\/a>\n\t\t<\/h4>\n\t\t\t\t<\/div>\n\t\t\t\t<\/article>\n\t\t\t\t<\/div>\n\t\t\n\t\t\t\t\t\t<\/div>\n\t\t\t\t<\/div>\n\t\t\t\t<\/div>\n\t\t<div class=\"elementor-element elementor-element-60185ab e-con-full e-flex e-con e-parent\" data-id=\"60185ab\" data-element_type=\"container\" data-e-type=\"container\">\n\t\t\t\t<div class=\"elementor-element elementor-element-bb8d04e elementor-widget elementor-widget-jet-listing-grid\" data-id=\"bb8d04e\" data-element_type=\"widget\" data-e-type=\"widget\" data-settings=\"{&quot;columns&quot;:&quot;5&quot;}\" data-widget_type=\"jet-listing-grid.default\">\n\t\t\t\t\t<div class=\"jet-listing-notice\">Please select listing to show.<\/div>\t\t\t\t<\/div>\n\t\t\t\t<\/div>\n\t\t\t\t<\/div>\n\t\t","protected":false},"excerpt":{"rendered":"<p>Luksuzni hoteli Rezervi\u0161ite hotel u Marbelji sa popustom i u\u0161tedite do 60% Ure\u0111ujemo cene sobe u 70 razli\u010ditih usluga rezervacije hotela, omoguc\u0301avajuc\u0301i vam da izaberete<\/p>\n","protected":false},"author":1,"featured_media":0,"parent":0,"menu_order":0,"comment_status":"closed","ping_status":"closed","template":"elementor_header_footer","meta":{"footnotes":""},"class_list":["post-30185","page","type-page","status-publish","hentry"],"_links":{"self":[{"href":"https:\/\/werentmarbella.com\/sr\/wp-json\/wp\/v2\/pages\/30185","targetHints":{"allow":["GET"]}}],"collection":[{"href":"https:\/\/werentmarbella.com\/sr\/wp-json\/wp\/v2\/pages"}],"about":[{"href":"https:\/\/werentmarbella.com\/sr\/wp-json\/wp\/v2\/types\/page"}],"author":[{"embeddable":true,"href":"https:\/\/werentmarbella.com\/sr\/wp-json\/wp\/v2\/users\/1"}],"replies":[{"embeddable":true,"href":"https:\/\/werentmarbella.com\/sr\/wp-json\/wp\/v2\/comments?post=30185"}],"version-history":[{"count":0,"href":"https:\/\/werentmarbella.com\/sr\/wp-json\/wp\/v2\/pages\/30185\/revisions"}],"wp:attachment":[{"href":"https:\/\/werentmarbella.com\/sr\/wp-json\/wp\/v2\/media?parent=30185"}],"curies":[{"name":"wp","href":"https:\/\/api.w.org\/{rel}","templated":true}]}}